{"id":105,"date":"2023-12-07T11:06:02","date_gmt":"2023-12-07T10:06:02","guid":{"rendered":"https:\/\/msig-europe.be\/fr\/?page_id=105"},"modified":"2024-12-03T16:29:15","modified_gmt":"2024-12-03T15:29:15","slug":"casualty","status":"publish","type":"page","link":"https:\/\/msig-europe.be\/fr\/casualty\/","title":{"rendered":"Casualty"},"content":{"rendered":"\n<p>Notre \u00e9quipe exp\u00e9riment\u00e9e a fait ses preuves dans l\u2019assistance \u00e0 notre client\u00e8le belge et internationale. Nous sommes fiers du portefeuille de clients que nous avons d\u00e9velopp\u00e9, preuve de la relation durable que nous entretenons avec nos clients et nos courtiers.<\/p>\n\n\n\n\t<div data-name=\"acf\/block-products\" class=\"align block\" >\n\t\t\n\t\t<div class=\"flex flex-col gap-4\">\n\n\t\t\t\t\t\t\t<h2 class=\"mb-4 text-lg font-semibold font-heading text-marine\">Nos solutions <\/h2>\n\t\t\t\n\t\t\t<ul class=\"grid items-stretch grid-cols-1 gap-4 sm:gap-8 lg:grid-cols-4 text-zoom-lg:grid-cols-2\">\n\t\t\t\t\n\t\t\t\t\t\t\t\t\t\t\n\t\t\t\t\t<li>\n\t\t\t\t\t\t<div data-component=\"teaser-product\" class=\"relative flex flex-col h-full overflow-hidden rounded-lg bg-marine sm:flex-row lg:p-0 lg:gap-0 lg:flex-col hocus:-translate-y-0.5 transition-transform break-words\">\n\n\t\t\t<div class=\"overflow-hidden image:w-full image:object-cover aspect-video md:max-w-[306px] lg:max-w-none\">\n\t\t\t<img loading=\"lazy\" decoding=\"async\" width=\"1024\" height=\"683\" src=\"https:\/\/msig-europe.be\/fr\/wp-content\/uploads\/sites\/4\/2023\/12\/ResponsabilitieCilvielGeneral-1024x683.webp\" class=\"attachment-large size-large\" alt=\"\" srcset=\"https:\/\/msig-europe.be\/fr\/wp-content\/uploads\/sites\/4\/2023\/12\/ResponsabilitieCilvielGeneral-1024x683.webp 1024w, https:\/\/msig-europe.be\/fr\/wp-content\/uploads\/sites\/4\/2023\/12\/ResponsabilitieCilvielGeneral-300x200.webp 300w, https:\/\/msig-europe.be\/fr\/wp-content\/uploads\/sites\/4\/2023\/12\/ResponsabilitieCilvielGeneral-768x512.webp 768w, https:\/\/msig-europe.be\/fr\/wp-content\/uploads\/sites\/4\/2023\/12\/ResponsabilitieCilvielGeneral-1536x1024.webp 1536w, https:\/\/msig-europe.be\/fr\/wp-content\/uploads\/sites\/4\/2023\/12\/ResponsabilitieCilvielGeneral-2048x1366.webp 2048w\" sizes=\"auto, (max-width: 1024px) 100vw, 1024px\" \/>\n\t\t<\/div>\n\t\n\t<div class=\"flex flex-col gap-4 p-6 md:p-10 lg:p-6\">\n\t\t<div class=\"flex flex-col\">\n\t\t\t<div class=\"order-2\">\n\t\t\t\t\t\t\t\t<h3 class=\"font-semibold text-md sm:text-lg md:text-lg lg:text-md\">\n\t\t\t\t\t<a href=\"https:\/\/msig-europe.be\/fr\/produits\/responsabilite-civile-generale-2\/\" class=\"absolute-link hocus:underline text-base-50\">\n\t\t\t\t\t\tResponsabilit\u00e9 Civile g\u00e9n\u00e9rale\n\t\t\t\t\t<\/a>\n\t\t\t\t<\/h3>\n\t\t\t<\/div>\n\n\t\t\t\t\t\t\t<div class=\"mb-2 md:mb-4\">\n\t\t\t\t\t\t\t\t\t\n\t<ul data-component=\"list-badges\" class=\"flex flex-wrap gap-2 items-center text-sm\" aria-label=\"Plac\u00e9 dans le type d'assurance\">\n\t\t\t\t\t<li class=\"min-w-0\">\n\t\t\t\t\t\n\n\n\t<div  data-component=\"badge\" class=\"text-sm font-semibold relative border-2 py-[1px] px-2 rounded-xl bg-transparent border-base-50 text-base-50 \">\n\t\tCasualty\n\t<\/div>\n\t\t\t<\/li>\n\t\t\t<\/ul>\n\t\t\t\t<\/div>\n\t\t\t\t\t<\/div>\n\t<\/div>\n<\/div>\n\t\t\t\t\t<\/li>\n\t\t\t\t\n\t\t\t\t\t\t\t\t\t\t\n\t\t\t\t\t<li>\n\t\t\t\t\t\t<div data-component=\"teaser-product\" class=\"relative flex flex-col h-full overflow-hidden rounded-lg bg-marine sm:flex-row lg:p-0 lg:gap-0 lg:flex-col hocus:-translate-y-0.5 transition-transform break-words\">\n\n\t\t\t<div class=\"overflow-hidden image:w-full image:object-cover aspect-video md:max-w-[306px] lg:max-w-none\">\n\t\t\t<img loading=\"lazy\" decoding=\"async\" width=\"1024\" height=\"683\" src=\"https:\/\/msig-europe.be\/fr\/wp-content\/uploads\/sites\/4\/2024\/01\/WomanShakingHands-1024x683.jpg\" class=\"attachment-large size-large\" alt=\"\" srcset=\"https:\/\/msig-europe.be\/fr\/wp-content\/uploads\/sites\/4\/2024\/01\/WomanShakingHands-1024x683.jpg 1024w, https:\/\/msig-europe.be\/fr\/wp-content\/uploads\/sites\/4\/2024\/01\/WomanShakingHands-300x200.jpg 300w, https:\/\/msig-europe.be\/fr\/wp-content\/uploads\/sites\/4\/2024\/01\/WomanShakingHands-768x512.jpg 768w, https:\/\/msig-europe.be\/fr\/wp-content\/uploads\/sites\/4\/2024\/01\/WomanShakingHands-1536x1024.jpg 1536w, https:\/\/msig-europe.be\/fr\/wp-content\/uploads\/sites\/4\/2024\/01\/WomanShakingHands-2048x1365.jpg 2048w\" sizes=\"auto, (max-width: 1024px) 100vw, 1024px\" \/>\n\t\t<\/div>\n\t\n\t<div class=\"flex flex-col gap-4 p-6 md:p-10 lg:p-6\">\n\t\t<div class=\"flex flex-col\">\n\t\t\t<div class=\"order-2\">\n\t\t\t\t\t\t\t\t<h3 class=\"font-semibold text-md sm:text-lg md:text-lg lg:text-md\">\n\t\t\t\t\t<a href=\"https:\/\/msig-europe.be\/fr\/produits\/responsabilite-civile-professionnelle\/\" class=\"absolute-link hocus:underline text-base-50\">\n\t\t\t\t\t\tResponsabilit\u00e9 Civile professionnelle\n\t\t\t\t\t<\/a>\n\t\t\t\t<\/h3>\n\t\t\t<\/div>\n\n\t\t\t\t\t\t\t<div class=\"mb-2 md:mb-4\">\n\t\t\t\t\t\t\t\t\t\n\t<ul data-component=\"list-badges\" class=\"flex flex-wrap gap-2 items-center text-sm\" aria-label=\"Plac\u00e9 dans le type d'assurance\">\n\t\t\t\t\t<li class=\"min-w-0\">\n\t\t\t\t\t\n\n\n\t<div  data-component=\"badge\" class=\"text-sm font-semibold relative border-2 py-[1px] px-2 rounded-xl bg-transparent border-base-50 text-base-50 \">\n\t\tCasualty\n\t<\/div>\n\t\t\t<\/li>\n\t\t\t<\/ul>\n\t\t\t\t<\/div>\n\t\t\t\t\t<\/div>\n\t<\/div>\n<\/div>\n\t\t\t\t\t<\/li>\n\t\t\t\t\n\t\t\t\t\t\t\t\t\t\t\n\t\t\t\t\t<li>\n\t\t\t\t\t\t<div data-component=\"teaser-product\" class=\"relative flex flex-col h-full overflow-hidden rounded-lg bg-marine sm:flex-row lg:p-0 lg:gap-0 lg:flex-col hocus:-translate-y-0.5 transition-transform break-words\">\n\n\t\t\t<div class=\"overflow-hidden image:w-full image:object-cover aspect-video md:max-w-[306px] lg:max-w-none\">\n\t\t\t<img loading=\"lazy\" decoding=\"async\" width=\"1024\" height=\"683\" src=\"https:\/\/msig-europe.be\/fr\/wp-content\/uploads\/sites\/4\/2024\/01\/Peoplemeeting-1024x683.jpg\" class=\"attachment-large size-large\" alt=\"\" srcset=\"https:\/\/msig-europe.be\/fr\/wp-content\/uploads\/sites\/4\/2024\/01\/Peoplemeeting-1024x683.jpg 1024w, https:\/\/msig-europe.be\/fr\/wp-content\/uploads\/sites\/4\/2024\/01\/Peoplemeeting-300x200.jpg 300w, https:\/\/msig-europe.be\/fr\/wp-content\/uploads\/sites\/4\/2024\/01\/Peoplemeeting-768x512.jpg 768w, https:\/\/msig-europe.be\/fr\/wp-content\/uploads\/sites\/4\/2024\/01\/Peoplemeeting-1536x1024.jpg 1536w, https:\/\/msig-europe.be\/fr\/wp-content\/uploads\/sites\/4\/2024\/01\/Peoplemeeting-2048x1365.jpg 2048w\" sizes=\"auto, (max-width: 1024px) 100vw, 1024px\" \/>\n\t\t<\/div>\n\t\n\t<div class=\"flex flex-col gap-4 p-6 md:p-10 lg:p-6\">\n\t\t<div class=\"flex flex-col\">\n\t\t\t<div class=\"order-2\">\n\t\t\t\t\t\t\t\t<h3 class=\"font-semibold text-md sm:text-lg md:text-lg lg:text-md\">\n\t\t\t\t\t<a href=\"https:\/\/msig-europe.be\/fr\/produits\/directors-officers-insurance-2\/\" class=\"absolute-link hocus:underline text-base-50\">\n\t\t\t\t\t\tResponsabilit\u00e9 du dirigeant\n\t\t\t\t\t<\/a>\n\t\t\t\t<\/h3>\n\t\t\t<\/div>\n\n\t\t\t\t\t\t\t<div class=\"mb-2 md:mb-4\">\n\t\t\t\t\t\t\t\t\t\n\t<ul data-component=\"list-badges\" class=\"flex flex-wrap gap-2 items-center text-sm\" aria-label=\"Plac\u00e9 dans le type d'assurance\">\n\t\t\t\t\t<li class=\"min-w-0\">\n\t\t\t\t\t\n\n\n\t<div  data-component=\"badge\" class=\"text-sm font-semibold relative border-2 py-[1px] px-2 rounded-xl bg-transparent border-base-50 text-base-50 \">\n\t\tCasualty\n\t<\/div>\n\t\t\t<\/li>\n\t\t\t<\/ul>\n\t\t\t\t<\/div>\n\t\t\t\t\t<\/div>\n\t<\/div>\n<\/div>\n\t\t\t\t\t<\/li>\n\t\t\t\t\t\t\t<\/ul>\n\n\t\t\t\t\t<\/div>\n\t<\/div>\n","protected":false},"excerpt":{"rendered":"<p>Notre \u00e9quipe exp\u00e9riment\u00e9e a fait ses preuves dans l\u2019assistance \u00e0 notre client\u00e8le belge et internationale. Nous sommes fiers du portefeuille de clients que nous avons d\u00e9velopp\u00e9, preuve de la relation durable que nous entretenons avec nos clients et nos courtiers.<\/p>\n","protected":false},"author":3,"featured_media":0,"parent":0,"menu_order":0,"comment_status":"closed","ping_status":"closed","template":"","meta":{"_acf_changed":false,"editor_notices":[],"footnotes":""},"class_list":["post-105","page","type-page","status-publish","hentry"],"acf":[],"yoast_head":"<!-- This site is optimized with the Yoast SEO plugin v27.3 - https:\/\/yoast.com\/product\/yoast-seo-wordpress\/ -->\n<title>Nos assurances responsabilit\u00e9 civile<\/title>\n<meta name=\"description\" content=\"D\u00e9couvrez nos assurances de responsabilit\u00e9 civile. Solutions sur mesure pour prot\u00e9ger votre entreprise si sa responsabilit\u00e9 est mise en cause.\" \/>\n<meta name=\"robots\" content=\"index, follow, max-snippet:-1, max-image-preview:large, max-video-preview:-1\" \/>\n<link rel=\"canonical\" href=\"https:\/\/msig-europe.be\/fr\/casualty\/\" \/>\n<meta property=\"og:locale\" content=\"fr_FR\" \/>\n<meta property=\"og:type\" content=\"article\" \/>\n<meta property=\"og:title\" content=\"Nos assurances responsabilit\u00e9 civile\" \/>\n<meta property=\"og:description\" content=\"D\u00e9couvrez nos assurances de responsabilit\u00e9 civile. Solutions sur mesure pour prot\u00e9ger votre entreprise si sa responsabilit\u00e9 est mise en cause.\" \/>\n<meta property=\"og:url\" content=\"https:\/\/msig-europe.be\/fr\/casualty\/\" \/>\n<meta property=\"og:site_name\" content=\"MSIG Europe\" \/>\n<meta property=\"article:modified_time\" content=\"2024-12-03T15:29:15+00:00\" \/>\n<meta property=\"og:image\" content=\"https:\/\/msig-europe.be\/fr\/wp-content\/uploads\/sites\/4\/2025\/06\/Standard-image.webp\" \/>\n\t<meta property=\"og:image:width\" content=\"1920\" \/>\n\t<meta property=\"og:image:height\" content=\"1080\" \/>\n\t<meta property=\"og:image:type\" content=\"image\/webp\" \/>\n<meta name=\"twitter:card\" content=\"summary_large_image\" \/>\n<meta name=\"twitter:label1\" content=\"Dur\u00e9e de lecture est.\" \/>\n\t<meta name=\"twitter:data1\" content=\"1 minute\" \/>\n<script type=\"application\/ld+json\" class=\"yoast-schema-graph\">{\"@context\":\"https:\\\/\\\/schema.org\",\"@graph\":[{\"@type\":\"WebPage\",\"@id\":\"https:\\\/\\\/msig-europe.be\\\/fr\\\/casualty\\\/\",\"url\":\"https:\\\/\\\/msig-europe.be\\\/fr\\\/casualty\\\/\",\"name\":\"Nos assurances responsabilit\u00e9 civile\",\"isPartOf\":{\"@id\":\"https:\\\/\\\/msig-europe.be\\\/fr\\\/#website\"},\"datePublished\":\"2023-12-07T10:06:02+00:00\",\"dateModified\":\"2024-12-03T15:29:15+00:00\",\"description\":\"D\u00e9couvrez nos assurances de responsabilit\u00e9 civile. Solutions sur mesure pour prot\u00e9ger votre entreprise si sa responsabilit\u00e9 est mise en cause.\",\"breadcrumb\":{\"@id\":\"https:\\\/\\\/msig-europe.be\\\/fr\\\/casualty\\\/#breadcrumb\"},\"inLanguage\":\"fr-BE\",\"potentialAction\":[{\"@type\":\"ReadAction\",\"target\":[\"https:\\\/\\\/msig-europe.be\\\/fr\\\/casualty\\\/\"]}]},{\"@type\":\"BreadcrumbList\",\"@id\":\"https:\\\/\\\/msig-europe.be\\\/fr\\\/casualty\\\/#breadcrumb\",\"itemListElement\":[{\"@type\":\"ListItem\",\"position\":1,\"name\":\"Accueil\",\"item\":\"https:\\\/\\\/msig-europe.be\\\/fr\\\/\"},{\"@type\":\"ListItem\",\"position\":2,\"name\":\"Casualty\"}]},{\"@type\":\"WebSite\",\"@id\":\"https:\\\/\\\/msig-europe.be\\\/fr\\\/#website\",\"url\":\"https:\\\/\\\/msig-europe.be\\\/fr\\\/\",\"name\":\"MSIG Europe\",\"description\":\"Building trust together\",\"publisher\":{\"@id\":\"https:\\\/\\\/msig-europe.be\\\/fr\\\/#organization\"},\"alternateName\":\"MSIG Europe\",\"potentialAction\":[{\"@type\":\"SearchAction\",\"target\":{\"@type\":\"EntryPoint\",\"urlTemplate\":\"https:\\\/\\\/msig-europe.be\\\/fr\\\/?s={search_term_string}\"},\"query-input\":{\"@type\":\"PropertyValueSpecification\",\"valueRequired\":true,\"valueName\":\"search_term_string\"}}],\"inLanguage\":\"fr-BE\"},{\"@type\":\"Organization\",\"@id\":\"https:\\\/\\\/msig-europe.be\\\/fr\\\/#organization\",\"name\":\"MSIG Europe\",\"alternateName\":\"MSIG Europe\",\"url\":\"https:\\\/\\\/msig-europe.be\\\/fr\\\/\",\"logo\":{\"@type\":\"ImageObject\",\"inLanguage\":\"fr-BE\",\"@id\":\"https:\\\/\\\/msig-europe.be\\\/fr\\\/#\\\/schema\\\/logo\\\/image\\\/\",\"url\":\"https:\\\/\\\/msig-europe.be\\\/fr\\\/wp-content\\\/uploads\\\/sites\\\/4\\\/2025\\\/06\\\/MSIG_Europe_standard_CMYK_png-scaled.png\",\"contentUrl\":\"https:\\\/\\\/msig-europe.be\\\/fr\\\/wp-content\\\/uploads\\\/sites\\\/4\\\/2025\\\/06\\\/MSIG_Europe_standard_CMYK_png-scaled.png\",\"width\":2560,\"height\":1017,\"caption\":\"MSIG Europe\"},\"image\":{\"@id\":\"https:\\\/\\\/msig-europe.be\\\/fr\\\/#\\\/schema\\\/logo\\\/image\\\/\"}}]}<\/script>\n<!-- \/ Yoast SEO plugin. -->","yoast_head_json":{"title":"Nos assurances responsabilit\u00e9 civile","description":"D\u00e9couvrez nos assurances de responsabilit\u00e9 civile. Solutions sur mesure pour prot\u00e9ger votre entreprise si sa responsabilit\u00e9 est mise en cause.","robots":{"index":"index","follow":"follow","max-snippet":"max-snippet:-1","max-image-preview":"max-image-preview:large","max-video-preview":"max-video-preview:-1"},"canonical":"https:\/\/msig-europe.be\/fr\/casualty\/","og_locale":"fr_FR","og_type":"article","og_title":"Nos assurances responsabilit\u00e9 civile","og_description":"D\u00e9couvrez nos assurances de responsabilit\u00e9 civile. Solutions sur mesure pour prot\u00e9ger votre entreprise si sa responsabilit\u00e9 est mise en cause.","og_url":"https:\/\/msig-europe.be\/fr\/casualty\/","og_site_name":"MSIG Europe","article_modified_time":"2024-12-03T15:29:15+00:00","og_image":[{"width":1920,"height":1080,"url":"https:\/\/msig-europe.be\/fr\/wp-content\/uploads\/sites\/4\/2025\/06\/Standard-image.webp","type":"image\/webp"}],"twitter_card":"summary_large_image","twitter_misc":{"Dur\u00e9e de lecture est.":"1 minute"},"schema":{"@context":"https:\/\/schema.org","@graph":[{"@type":"WebPage","@id":"https:\/\/msig-europe.be\/fr\/casualty\/","url":"https:\/\/msig-europe.be\/fr\/casualty\/","name":"Nos assurances responsabilit\u00e9 civile","isPartOf":{"@id":"https:\/\/msig-europe.be\/fr\/#website"},"datePublished":"2023-12-07T10:06:02+00:00","dateModified":"2024-12-03T15:29:15+00:00","description":"D\u00e9couvrez nos assurances de responsabilit\u00e9 civile. Solutions sur mesure pour prot\u00e9ger votre entreprise si sa responsabilit\u00e9 est mise en cause.","breadcrumb":{"@id":"https:\/\/msig-europe.be\/fr\/casualty\/#breadcrumb"},"inLanguage":"fr-BE","potentialAction":[{"@type":"ReadAction","target":["https:\/\/msig-europe.be\/fr\/casualty\/"]}]},{"@type":"BreadcrumbList","@id":"https:\/\/msig-europe.be\/fr\/casualty\/#breadcrumb","itemListElement":[{"@type":"ListItem","position":1,"name":"Accueil","item":"https:\/\/msig-europe.be\/fr\/"},{"@type":"ListItem","position":2,"name":"Casualty"}]},{"@type":"WebSite","@id":"https:\/\/msig-europe.be\/fr\/#website","url":"https:\/\/msig-europe.be\/fr\/","name":"MSIG Europe","description":"Building trust together","publisher":{"@id":"https:\/\/msig-europe.be\/fr\/#organization"},"alternateName":"MSIG Europe","potentialAction":[{"@type":"SearchAction","target":{"@type":"EntryPoint","urlTemplate":"https:\/\/msig-europe.be\/fr\/?s={search_term_string}"},"query-input":{"@type":"PropertyValueSpecification","valueRequired":true,"valueName":"search_term_string"}}],"inLanguage":"fr-BE"},{"@type":"Organization","@id":"https:\/\/msig-europe.be\/fr\/#organization","name":"MSIG Europe","alternateName":"MSIG Europe","url":"https:\/\/msig-europe.be\/fr\/","logo":{"@type":"ImageObject","inLanguage":"fr-BE","@id":"https:\/\/msig-europe.be\/fr\/#\/schema\/logo\/image\/","url":"https:\/\/msig-europe.be\/fr\/wp-content\/uploads\/sites\/4\/2025\/06\/MSIG_Europe_standard_CMYK_png-scaled.png","contentUrl":"https:\/\/msig-europe.be\/fr\/wp-content\/uploads\/sites\/4\/2025\/06\/MSIG_Europe_standard_CMYK_png-scaled.png","width":2560,"height":1017,"caption":"MSIG Europe"},"image":{"@id":"https:\/\/msig-europe.be\/fr\/#\/schema\/logo\/image\/"}}]}},"distributor_meta":false,"distributor_terms":false,"distributor_media":false,"distributor_original_site_name":"MSIG Europe","distributor_original_site_url":"https:\/\/msig-europe.be\/fr","push-errors":false,"_links":{"self":[{"href":"https:\/\/msig-europe.be\/fr\/wp-json\/wp\/v2\/pages\/105","targetHints":{"allow":["GET"]}}],"collection":[{"href":"https:\/\/msig-europe.be\/fr\/wp-json\/wp\/v2\/pages"}],"about":[{"href":"https:\/\/msig-europe.be\/fr\/wp-json\/wp\/v2\/types\/page"}],"author":[{"embeddable":true,"href":"https:\/\/msig-europe.be\/fr\/wp-json\/wp\/v2\/users\/3"}],"replies":[{"embeddable":true,"href":"https:\/\/msig-europe.be\/fr\/wp-json\/wp\/v2\/comments?post=105"}],"version-history":[{"count":9,"href":"https:\/\/msig-europe.be\/fr\/wp-json\/wp\/v2\/pages\/105\/revisions"}],"predecessor-version":[{"id":875,"href":"https:\/\/msig-europe.be\/fr\/wp-json\/wp\/v2\/pages\/105\/revisions\/875"}],"wp:attachment":[{"href":"https:\/\/msig-europe.be\/fr\/wp-json\/wp\/v2\/media?parent=105"}],"curies":[{"name":"wp","href":"https:\/\/api.w.org\/{rel}","templated":true}]}}