{"id":107,"date":"2023-12-07T11:06:27","date_gmt":"2023-12-07T10:06:27","guid":{"rendered":"https:\/\/msig-europe.be\/fr\/?page_id=107"},"modified":"2024-12-03T16:33:39","modified_gmt":"2024-12-03T15:33:39","slug":"property-engineering","status":"publish","type":"page","link":"https:\/\/msig-europe.be\/fr\/property-engineering\/","title":{"rendered":"Property &amp; Engineering"},"content":{"rendered":"\n<p>Plut\u00f4t que d\u2019adopter une approche universelle, nous tenons compte des besoins de chaque client. Ainsi, nous restons ouverts \u00e0 un large \u00e9ventail de secteurs. Nous nous sentons bien dans une position dominante et de coop\u00e9ration, des assurances primaires et compl\u00e9mentaires, des r\u00e9assurances facultatives directes et internes.<\/p>\n\n\n\n\t<div data-name=\"acf\/block-products\" class=\"align block\" >\n\t\t\n\t\t<div class=\"flex flex-col gap-4\">\n\n\t\t\t\t\t\t\t<h2 class=\"mb-4 text-lg font-semibold font-heading text-marine\">Nos solutions<\/h2>\n\t\t\t\n\t\t\t<ul class=\"grid items-stretch grid-cols-1 gap-4 sm:gap-8 lg:grid-cols-4 text-zoom-lg:grid-cols-2\">\n\t\t\t\t\n\t\t\t\t\t\t\t\t\t\t\n\t\t\t\t\t<li>\n\t\t\t\t\t\t<div data-component=\"teaser-product\" class=\"relative flex flex-col h-full overflow-hidden rounded-lg bg-marine sm:flex-row lg:p-0 lg:gap-0 lg:flex-col hocus:-translate-y-0.5 transition-transform break-words\">\n\n\t\t\t<div class=\"overflow-hidden image:w-full image:object-cover aspect-video md:max-w-[306px] lg:max-w-none\">\n\t\t\t<img loading=\"lazy\" decoding=\"async\" width=\"1024\" height=\"576\" src=\"https:\/\/msig-europe.be\/fr\/wp-content\/uploads\/sites\/4\/2025\/06\/Buildingwithsmoke-1-1024x576.webp\" class=\"attachment-large size-large\" alt=\"\" srcset=\"https:\/\/msig-europe.be\/fr\/wp-content\/uploads\/sites\/4\/2025\/06\/Buildingwithsmoke-1-1024x576.webp 1024w, https:\/\/msig-europe.be\/fr\/wp-content\/uploads\/sites\/4\/2025\/06\/Buildingwithsmoke-1-300x169.webp 300w, https:\/\/msig-europe.be\/fr\/wp-content\/uploads\/sites\/4\/2025\/06\/Buildingwithsmoke-1-768x432.webp 768w, https:\/\/msig-europe.be\/fr\/wp-content\/uploads\/sites\/4\/2025\/06\/Buildingwithsmoke-1-1536x864.webp 1536w, https:\/\/msig-europe.be\/fr\/wp-content\/uploads\/sites\/4\/2025\/06\/Buildingwithsmoke-1.webp 1920w\" sizes=\"auto, (max-width: 1024px) 100vw, 1024px\" \/>\n\t\t<\/div>\n\t\n\t<div class=\"flex flex-col gap-4 p-6 md:p-10 lg:p-6\">\n\t\t<div class=\"flex flex-col\">\n\t\t\t<div class=\"order-2\">\n\t\t\t\t\t\t\t\t<h3 class=\"font-semibold text-md sm:text-lg md:text-lg lg:text-md\">\n\t\t\t\t\t<a href=\"https:\/\/msig-europe.be\/fr\/produits\/incendie-2\/\" class=\"absolute-link hocus:underline text-base-50\">\n\t\t\t\t\t\tIncendie\n\t\t\t\t\t<\/a>\n\t\t\t\t<\/h3>\n\t\t\t<\/div>\n\n\t\t\t\t\t\t\t<div class=\"mb-2 md:mb-4\">\n\t\t\t\t\t\t\t\t\t\n\t<ul data-component=\"list-badges\" class=\"flex flex-wrap gap-2 items-center text-sm\" aria-label=\"Plac\u00e9 dans le type d'assurance\">\n\t\t\t\t\t<li class=\"min-w-0\">\n\t\t\t\t\t\n\n\n\t<div  data-component=\"badge\" class=\"text-sm font-semibold relative border-2 py-[1px] px-2 rounded-xl bg-transparent border-base-50 text-base-50 \">\n\t\tProperty &amp; engineering\n\t<\/div>\n\t\t\t<\/li>\n\t\t\t<\/ul>\n\t\t\t\t<\/div>\n\t\t\t\t\t<\/div>\n\t<\/div>\n<\/div>\n\t\t\t\t\t<\/li>\n\t\t\t\t\n\t\t\t\t\t\t\t\t\t\t\n\t\t\t\t\t<li>\n\t\t\t\t\t\t<div data-component=\"teaser-product\" class=\"relative flex flex-col h-full overflow-hidden rounded-lg bg-marine sm:flex-row lg:p-0 lg:gap-0 lg:flex-col hocus:-translate-y-0.5 transition-transform break-words\">\n\n\t\t\t<div class=\"overflow-hidden image:w-full image:object-cover aspect-video md:max-w-[306px] lg:max-w-none\">\n\t\t\t<img loading=\"lazy\" decoding=\"async\" width=\"1024\" height=\"533\" src=\"https:\/\/msig-europe.be\/fr\/wp-content\/uploads\/sites\/4\/2023\/12\/page-32-1024x533.jpg\" class=\"attachment-large size-large\" alt=\"\" srcset=\"https:\/\/msig-europe.be\/fr\/wp-content\/uploads\/sites\/4\/2023\/12\/page-32-1024x533.jpg 1024w, https:\/\/msig-europe.be\/fr\/wp-content\/uploads\/sites\/4\/2023\/12\/page-32-300x156.jpg 300w, https:\/\/msig-europe.be\/fr\/wp-content\/uploads\/sites\/4\/2023\/12\/page-32-768x400.jpg 768w, https:\/\/msig-europe.be\/fr\/wp-content\/uploads\/sites\/4\/2023\/12\/page-32-1536x800.jpg 1536w, https:\/\/msig-europe.be\/fr\/wp-content\/uploads\/sites\/4\/2023\/12\/page-32-2048x1067.jpg 2048w\" sizes=\"auto, (max-width: 1024px) 100vw, 1024px\" \/>\n\t\t<\/div>\n\t\n\t<div class=\"flex flex-col gap-4 p-6 md:p-10 lg:p-6\">\n\t\t<div class=\"flex flex-col\">\n\t\t\t<div class=\"order-2\">\n\t\t\t\t\t\t\t\t<h3 class=\"font-semibold text-md sm:text-lg md:text-lg lg:text-md\">\n\t\t\t\t\t<a href=\"https:\/\/msig-europe.be\/fr\/produits\/tous-risques-chantiers\/\" class=\"absolute-link hocus:underline text-base-50\">\n\t\t\t\t\t\tTous risques chantiers\n\t\t\t\t\t<\/a>\n\t\t\t\t<\/h3>\n\t\t\t<\/div>\n\n\t\t\t\t\t\t\t<div class=\"mb-2 md:mb-4\">\n\t\t\t\t\t\t\t\t\t\n\t<ul data-component=\"list-badges\" class=\"flex flex-wrap gap-2 items-center text-sm\" aria-label=\"Plac\u00e9 dans le type d'assurance\">\n\t\t\t\t\t<li class=\"min-w-0\">\n\t\t\t\t\t\n\n\n\t<div  data-component=\"badge\" class=\"text-sm font-semibold relative border-2 py-[1px] px-2 rounded-xl bg-transparent border-base-50 text-base-50 \">\n\t\tProperty &amp; engineering\n\t<\/div>\n\t\t\t<\/li>\n\t\t\t<\/ul>\n\t\t\t\t<\/div>\n\t\t\t\t\t<\/div>\n\t<\/div>\n<\/div>\n\t\t\t\t\t<\/li>\n\t\t\t\t\n\t\t\t\t\t\t\t\t\t\t\n\t\t\t\t\t<li>\n\t\t\t\t\t\t<div data-component=\"teaser-product\" class=\"relative flex flex-col h-full overflow-hidden rounded-lg bg-marine sm:flex-row lg:p-0 lg:gap-0 lg:flex-col hocus:-translate-y-0.5 transition-transform break-words\">\n\n\t\t\t<div class=\"overflow-hidden image:w-full image:object-cover aspect-video md:max-w-[306px] lg:max-w-none\">\n\t\t\t<img loading=\"lazy\" decoding=\"async\" width=\"1024\" height=\"683\" src=\"https:\/\/msig-europe.be\/fr\/wp-content\/uploads\/sites\/4\/2024\/01\/iStock-1643506516-1024x683.jpg\" class=\"attachment-large size-large\" alt=\"\" srcset=\"https:\/\/msig-europe.be\/fr\/wp-content\/uploads\/sites\/4\/2024\/01\/iStock-1643506516-1024x683.jpg 1024w, https:\/\/msig-europe.be\/fr\/wp-content\/uploads\/sites\/4\/2024\/01\/iStock-1643506516-300x200.jpg 300w, https:\/\/msig-europe.be\/fr\/wp-content\/uploads\/sites\/4\/2024\/01\/iStock-1643506516-768x512.jpg 768w, https:\/\/msig-europe.be\/fr\/wp-content\/uploads\/sites\/4\/2024\/01\/iStock-1643506516-1536x1024.jpg 1536w, https:\/\/msig-europe.be\/fr\/wp-content\/uploads\/sites\/4\/2024\/01\/iStock-1643506516-2048x1365.jpg 2048w\" sizes=\"auto, (max-width: 1024px) 100vw, 1024px\" \/>\n\t\t<\/div>\n\t\n\t<div class=\"flex flex-col gap-4 p-6 md:p-10 lg:p-6\">\n\t\t<div class=\"flex flex-col\">\n\t\t\t<div class=\"order-2\">\n\t\t\t\t\t\t\t\t<h3 class=\"font-semibold text-md sm:text-lg md:text-lg lg:text-md\">\n\t\t\t\t\t<a href=\"https:\/\/msig-europe.be\/fr\/produits\/garantie-decennale-2\/\" class=\"absolute-link hocus:underline text-base-50\">\n\t\t\t\t\t\tGarantie d\u00e9cennale\n\t\t\t\t\t<\/a>\n\t\t\t\t<\/h3>\n\t\t\t<\/div>\n\n\t\t\t\t\t\t\t<div class=\"mb-2 md:mb-4\">\n\t\t\t\t\t\t\t\t\t\n\t<ul data-component=\"list-badges\" class=\"flex flex-wrap gap-2 items-center text-sm\" aria-label=\"Plac\u00e9 dans le type d'assurance\">\n\t\t\t\t\t<li class=\"min-w-0\">\n\t\t\t\t\t\n\n\n\t<div  data-component=\"badge\" class=\"text-sm font-semibold relative border-2 py-[1px] px-2 rounded-xl bg-transparent border-base-50 text-base-50 \">\n\t\tProperty &amp; engineering\n\t<\/div>\n\t\t\t<\/li>\n\t\t\t<\/ul>\n\t\t\t\t<\/div>\n\t\t\t\t\t<\/div>\n\t<\/div>\n<\/div>\n\t\t\t\t\t<\/li>\n\t\t\t\t\t\t\t<\/ul>\n\n\t\t\t\t\t<\/div>\n\t<\/div>\n","protected":false},"excerpt":{"rendered":"<p>Plut\u00f4t que d\u2019adopter une approche universelle, nous tenons compte des besoins de chaque client. Ainsi, nous restons ouverts \u00e0 un large \u00e9ventail de secteurs. Nous nous sentons bien dans une position dominante et de coop\u00e9ration, des assurances primaires et compl\u00e9mentaires, des r\u00e9assurances facultatives directes et internes.<\/p>\n","protected":false},"author":3,"featured_media":0,"parent":0,"menu_order":0,"comment_status":"closed","ping_status":"closed","template":"","meta":{"_acf_changed":false,"editor_notices":[],"footnotes":""},"class_list":["post-107","page","type-page","status-publish","hentry"],"acf":[],"yoast_head":"<!-- This site is optimized with the Yoast SEO plugin v27.3 - https:\/\/yoast.com\/product\/yoast-seo-wordpress\/ -->\n<title>Nos assurances pour dommages mat\u00e9riels<\/title>\n<meta name=\"description\" content=\"Nous proposons diverses assurances pour les dommages mat\u00e9riels : assurance incendie, tous risques chantier, garantie d\u00e9cennale. D\u00e9couvrez nos solutions.\" \/>\n<meta name=\"robots\" content=\"index, follow, max-snippet:-1, max-image-preview:large, max-video-preview:-1\" \/>\n<link rel=\"canonical\" href=\"https:\/\/msig-europe.be\/fr\/property-engineering\/\" \/>\n<meta property=\"og:locale\" content=\"fr_FR\" \/>\n<meta property=\"og:type\" content=\"article\" \/>\n<meta property=\"og:title\" content=\"Nos assurances pour dommages mat\u00e9riels\" \/>\n<meta property=\"og:description\" content=\"Nous proposons diverses assurances pour les dommages mat\u00e9riels : assurance incendie, tous risques chantier, garantie d\u00e9cennale. D\u00e9couvrez nos solutions.\" \/>\n<meta property=\"og:url\" content=\"https:\/\/msig-europe.be\/fr\/property-engineering\/\" \/>\n<meta property=\"og:site_name\" content=\"MSIG Europe\" \/>\n<meta property=\"article:modified_time\" content=\"2024-12-03T15:33:39+00:00\" \/>\n<meta property=\"og:image\" content=\"https:\/\/msig-europe.be\/fr\/wp-content\/uploads\/sites\/4\/2025\/06\/Standard-image.webp\" \/>\n\t<meta property=\"og:image:width\" content=\"1920\" \/>\n\t<meta property=\"og:image:height\" content=\"1080\" \/>\n\t<meta property=\"og:image:type\" content=\"image\/webp\" \/>\n<meta name=\"twitter:card\" content=\"summary_large_image\" \/>\n<meta name=\"twitter:label1\" content=\"Dur\u00e9e de lecture est.\" \/>\n\t<meta name=\"twitter:data1\" content=\"1 minute\" \/>\n<script type=\"application\/ld+json\" class=\"yoast-schema-graph\">{\"@context\":\"https:\\\/\\\/schema.org\",\"@graph\":[{\"@type\":\"WebPage\",\"@id\":\"https:\\\/\\\/msig-europe.be\\\/fr\\\/property-engineering\\\/\",\"url\":\"https:\\\/\\\/msig-europe.be\\\/fr\\\/property-engineering\\\/\",\"name\":\"Nos assurances pour dommages mat\u00e9riels\",\"isPartOf\":{\"@id\":\"https:\\\/\\\/msig-europe.be\\\/fr\\\/#website\"},\"datePublished\":\"2023-12-07T10:06:27+00:00\",\"dateModified\":\"2024-12-03T15:33:39+00:00\",\"description\":\"Nous proposons diverses assurances pour les dommages mat\u00e9riels : assurance incendie, tous risques chantier, garantie d\u00e9cennale. D\u00e9couvrez nos solutions.\",\"breadcrumb\":{\"@id\":\"https:\\\/\\\/msig-europe.be\\\/fr\\\/property-engineering\\\/#breadcrumb\"},\"inLanguage\":\"fr-BE\",\"potentialAction\":[{\"@type\":\"ReadAction\",\"target\":[\"https:\\\/\\\/msig-europe.be\\\/fr\\\/property-engineering\\\/\"]}]},{\"@type\":\"BreadcrumbList\",\"@id\":\"https:\\\/\\\/msig-europe.be\\\/fr\\\/property-engineering\\\/#breadcrumb\",\"itemListElement\":[{\"@type\":\"ListItem\",\"position\":1,\"name\":\"Accueil\",\"item\":\"https:\\\/\\\/msig-europe.be\\\/fr\\\/\"},{\"@type\":\"ListItem\",\"position\":2,\"name\":\"Property &amp; Engineering\"}]},{\"@type\":\"WebSite\",\"@id\":\"https:\\\/\\\/msig-europe.be\\\/fr\\\/#website\",\"url\":\"https:\\\/\\\/msig-europe.be\\\/fr\\\/\",\"name\":\"MSIG Europe\",\"description\":\"Building trust together\",\"publisher\":{\"@id\":\"https:\\\/\\\/msig-europe.be\\\/fr\\\/#organization\"},\"alternateName\":\"MSIG Europe\",\"potentialAction\":[{\"@type\":\"SearchAction\",\"target\":{\"@type\":\"EntryPoint\",\"urlTemplate\":\"https:\\\/\\\/msig-europe.be\\\/fr\\\/?s={search_term_string}\"},\"query-input\":{\"@type\":\"PropertyValueSpecification\",\"valueRequired\":true,\"valueName\":\"search_term_string\"}}],\"inLanguage\":\"fr-BE\"},{\"@type\":\"Organization\",\"@id\":\"https:\\\/\\\/msig-europe.be\\\/fr\\\/#organization\",\"name\":\"MSIG Europe\",\"alternateName\":\"MSIG Europe\",\"url\":\"https:\\\/\\\/msig-europe.be\\\/fr\\\/\",\"logo\":{\"@type\":\"ImageObject\",\"inLanguage\":\"fr-BE\",\"@id\":\"https:\\\/\\\/msig-europe.be\\\/fr\\\/#\\\/schema\\\/logo\\\/image\\\/\",\"url\":\"https:\\\/\\\/msig-europe.be\\\/fr\\\/wp-content\\\/uploads\\\/sites\\\/4\\\/2025\\\/06\\\/MSIG_Europe_standard_CMYK_png-scaled.png\",\"contentUrl\":\"https:\\\/\\\/msig-europe.be\\\/fr\\\/wp-content\\\/uploads\\\/sites\\\/4\\\/2025\\\/06\\\/MSIG_Europe_standard_CMYK_png-scaled.png\",\"width\":2560,\"height\":1017,\"caption\":\"MSIG Europe\"},\"image\":{\"@id\":\"https:\\\/\\\/msig-europe.be\\\/fr\\\/#\\\/schema\\\/logo\\\/image\\\/\"}}]}<\/script>\n<!-- \/ Yoast SEO plugin. -->","yoast_head_json":{"title":"Nos assurances pour dommages mat\u00e9riels","description":"Nous proposons diverses assurances pour les dommages mat\u00e9riels : assurance incendie, tous risques chantier, garantie d\u00e9cennale. D\u00e9couvrez nos solutions.","robots":{"index":"index","follow":"follow","max-snippet":"max-snippet:-1","max-image-preview":"max-image-preview:large","max-video-preview":"max-video-preview:-1"},"canonical":"https:\/\/msig-europe.be\/fr\/property-engineering\/","og_locale":"fr_FR","og_type":"article","og_title":"Nos assurances pour dommages mat\u00e9riels","og_description":"Nous proposons diverses assurances pour les dommages mat\u00e9riels : assurance incendie, tous risques chantier, garantie d\u00e9cennale. D\u00e9couvrez nos solutions.","og_url":"https:\/\/msig-europe.be\/fr\/property-engineering\/","og_site_name":"MSIG Europe","article_modified_time":"2024-12-03T15:33:39+00:00","og_image":[{"width":1920,"height":1080,"url":"https:\/\/msig-europe.be\/fr\/wp-content\/uploads\/sites\/4\/2025\/06\/Standard-image.webp","type":"image\/webp"}],"twitter_card":"summary_large_image","twitter_misc":{"Dur\u00e9e de lecture est.":"1 minute"},"schema":{"@context":"https:\/\/schema.org","@graph":[{"@type":"WebPage","@id":"https:\/\/msig-europe.be\/fr\/property-engineering\/","url":"https:\/\/msig-europe.be\/fr\/property-engineering\/","name":"Nos assurances pour dommages mat\u00e9riels","isPartOf":{"@id":"https:\/\/msig-europe.be\/fr\/#website"},"datePublished":"2023-12-07T10:06:27+00:00","dateModified":"2024-12-03T15:33:39+00:00","description":"Nous proposons diverses assurances pour les dommages mat\u00e9riels : assurance incendie, tous risques chantier, garantie d\u00e9cennale. D\u00e9couvrez nos solutions.","breadcrumb":{"@id":"https:\/\/msig-europe.be\/fr\/property-engineering\/#breadcrumb"},"inLanguage":"fr-BE","potentialAction":[{"@type":"ReadAction","target":["https:\/\/msig-europe.be\/fr\/property-engineering\/"]}]},{"@type":"BreadcrumbList","@id":"https:\/\/msig-europe.be\/fr\/property-engineering\/#breadcrumb","itemListElement":[{"@type":"ListItem","position":1,"name":"Accueil","item":"https:\/\/msig-europe.be\/fr\/"},{"@type":"ListItem","position":2,"name":"Property &amp; Engineering"}]},{"@type":"WebSite","@id":"https:\/\/msig-europe.be\/fr\/#website","url":"https:\/\/msig-europe.be\/fr\/","name":"MSIG Europe","description":"Building trust together","publisher":{"@id":"https:\/\/msig-europe.be\/fr\/#organization"},"alternateName":"MSIG Europe","potentialAction":[{"@type":"SearchAction","target":{"@type":"EntryPoint","urlTemplate":"https:\/\/msig-europe.be\/fr\/?s={search_term_string}"},"query-input":{"@type":"PropertyValueSpecification","valueRequired":true,"valueName":"search_term_string"}}],"inLanguage":"fr-BE"},{"@type":"Organization","@id":"https:\/\/msig-europe.be\/fr\/#organization","name":"MSIG Europe","alternateName":"MSIG Europe","url":"https:\/\/msig-europe.be\/fr\/","logo":{"@type":"ImageObject","inLanguage":"fr-BE","@id":"https:\/\/msig-europe.be\/fr\/#\/schema\/logo\/image\/","url":"https:\/\/msig-europe.be\/fr\/wp-content\/uploads\/sites\/4\/2025\/06\/MSIG_Europe_standard_CMYK_png-scaled.png","contentUrl":"https:\/\/msig-europe.be\/fr\/wp-content\/uploads\/sites\/4\/2025\/06\/MSIG_Europe_standard_CMYK_png-scaled.png","width":2560,"height":1017,"caption":"MSIG Europe"},"image":{"@id":"https:\/\/msig-europe.be\/fr\/#\/schema\/logo\/image\/"}}]}},"distributor_meta":false,"distributor_terms":false,"distributor_media":false,"distributor_original_site_name":"MSIG Europe","distributor_original_site_url":"https:\/\/msig-europe.be\/fr","push-errors":false,"_links":{"self":[{"href":"https:\/\/msig-europe.be\/fr\/wp-json\/wp\/v2\/pages\/107","targetHints":{"allow":["GET"]}}],"collection":[{"href":"https:\/\/msig-europe.be\/fr\/wp-json\/wp\/v2\/pages"}],"about":[{"href":"https:\/\/msig-europe.be\/fr\/wp-json\/wp\/v2\/types\/page"}],"author":[{"embeddable":true,"href":"https:\/\/msig-europe.be\/fr\/wp-json\/wp\/v2\/users\/3"}],"replies":[{"embeddable":true,"href":"https:\/\/msig-europe.be\/fr\/wp-json\/wp\/v2\/comments?post=107"}],"version-history":[{"count":8,"href":"https:\/\/msig-europe.be\/fr\/wp-json\/wp\/v2\/pages\/107\/revisions"}],"predecessor-version":[{"id":1241,"href":"https:\/\/msig-europe.be\/fr\/wp-json\/wp\/v2\/pages\/107\/revisions\/1241"}],"wp:attachment":[{"href":"https:\/\/msig-europe.be\/fr\/wp-json\/wp\/v2\/media?parent=107"}],"curies":[{"name":"wp","href":"https:\/\/api.w.org\/{rel}","templated":true}]}}