{"id":109,"date":"2023-12-07T11:06:56","date_gmt":"2023-12-07T10:06:56","guid":{"rendered":"https:\/\/msig-europe.be\/fr\/?page_id=109"},"modified":"2024-02-28T11:22:16","modified_gmt":"2024-02-28T10:22:16","slug":"fleet","status":"publish","type":"page","link":"https:\/\/msig-europe.be\/fr\/fleet\/","title":{"rendered":"Fleet"},"content":{"rendered":"\n<p>Nos assurances auto sont adapt\u00e9es \u00e0 tous types de client\u00e8les et de besoins, qu\u2019il s\u2019agisse de petites entreprises commerciales avec une flotte de minimum 10 v\u00e9hicules ou de grandes entreprises cot\u00e9es en bourse.<\/p>\n\n\n\n<h2 class=\"wp-block-heading\"><strong>Nos solutions <\/strong><\/h2>\n\n\n\n\t<div data-name=\"acf\/block-products\" class=\"alignwide block\" >\n\t\t\t\t\t<h2 class=\"sr-only\">Une liste de produits<\/h2>\n\t\t\n\t\t<div class=\"flex flex-col gap-4\">\n\n\t\t\t\n\t\t\t<ul class=\"grid items-stretch grid-cols-1 gap-4 sm:gap-8 lg:grid-cols-4 text-zoom-lg:grid-cols-2\">\n\t\t\t\t\n\t\t\t\t\t\t\t\t\t\t\n\t\t\t\t\t<li>\n\t\t\t\t\t\t<div data-component=\"teaser-product\" class=\"relative flex flex-col h-full overflow-hidden rounded-lg bg-marine sm:flex-row lg:p-0 lg:gap-0 lg:flex-col hocus:-translate-y-0.5 transition-transform break-words\">\n\n\t\t\t<div class=\"overflow-hidden image:w-full image:object-cover aspect-video md:max-w-[306px] lg:max-w-none\">\n\t\t\t<img loading=\"lazy\" decoding=\"async\" width=\"1024\" height=\"683\" src=\"https:\/\/msig-europe.be\/fr\/wp-content\/uploads\/sites\/4\/2023\/12\/FleetOfCars-1024x683.webp\" class=\"attachment-large size-large\" alt=\"\" srcset=\"https:\/\/msig-europe.be\/fr\/wp-content\/uploads\/sites\/4\/2023\/12\/FleetOfCars-1024x683.webp 1024w, https:\/\/msig-europe.be\/fr\/wp-content\/uploads\/sites\/4\/2023\/12\/FleetOfCars-300x200.webp 300w, https:\/\/msig-europe.be\/fr\/wp-content\/uploads\/sites\/4\/2023\/12\/FleetOfCars-768x512.webp 768w, https:\/\/msig-europe.be\/fr\/wp-content\/uploads\/sites\/4\/2023\/12\/FleetOfCars-1536x1024.webp 1536w, https:\/\/msig-europe.be\/fr\/wp-content\/uploads\/sites\/4\/2023\/12\/FleetOfCars-2048x1365.webp 2048w\" sizes=\"auto, (max-width: 1024px) 100vw, 1024px\" \/>\n\t\t<\/div>\n\t\n\t<div class=\"flex flex-col gap-4 p-6 md:p-10 lg:p-6\">\n\t\t<div class=\"flex flex-col\">\n\t\t\t<div class=\"order-2\">\n\t\t\t\t\t\t\t\t<h3 class=\"font-semibold text-md sm:text-lg md:text-lg lg:text-md\">\n\t\t\t\t\t<a href=\"https:\/\/msig-europe.be\/fr\/produits\/fleet\/\" class=\"absolute-link hocus:underline text-base-50\">\n\t\t\t\t\t\tFleet\n\t\t\t\t\t<\/a>\n\t\t\t\t<\/h3>\n\t\t\t<\/div>\n\n\t\t\t\t\t\t\t<div class=\"mb-2 md:mb-4\">\n\t\t\t\t\t\t\t\t\t\n\t<ul data-component=\"list-badges\" class=\"flex flex-wrap gap-2 items-center text-sm\" aria-label=\"Plac\u00e9 dans le type d'assurance\">\n\t\t\t\t\t<li class=\"min-w-0\">\n\t\t\t\t\t\n\n\n\t<div  data-component=\"badge\" class=\"text-sm font-semibold relative border-2 py-[1px] px-2 rounded-xl bg-transparent border-base-50 text-base-50 \">\n\t\tFleet\n\t<\/div>\n\t\t\t<\/li>\n\t\t\t<\/ul>\n\t\t\t\t<\/div>\n\t\t\t\t\t<\/div>\n\t<\/div>\n<\/div>\n\t\t\t\t\t<\/li>\n\t\t\t\t\t\t\t<\/ul>\n\n\t\t\t\t\t<\/div>\n\t<\/div>\n","protected":false},"excerpt":{"rendered":"<p>Nos assurances auto sont adapt\u00e9es \u00e0 tous types de client\u00e8les et de besoins, qu\u2019il s\u2019agisse de petites entreprises commerciales avec une flotte de minimum 10 v\u00e9hicules ou de grandes entreprises cot\u00e9es en bourse. Nos solutions<\/p>\n","protected":false},"author":3,"featured_media":182,"parent":0,"menu_order":0,"comment_status":"closed","ping_status":"closed","template":"","meta":{"_acf_changed":false,"editor_notices":[],"footnotes":""},"class_list":["post-109","page","type-page","status-publish","has-post-thumbnail","hentry"],"acf":[],"yoast_head":"<!-- This site is optimized with the Yoast SEO plugin v27.3 - https:\/\/yoast.com\/product\/yoast-seo-wordpress\/ -->\n<title>Fleet - MSIG Europe<\/title>\n<meta name=\"robots\" content=\"index, follow, max-snippet:-1, max-image-preview:large, max-video-preview:-1\" \/>\n<link rel=\"canonical\" href=\"https:\/\/msig-europe.be\/fr\/fleet\/\" \/>\n<meta property=\"og:locale\" content=\"fr_FR\" \/>\n<meta property=\"og:type\" content=\"article\" \/>\n<meta property=\"og:title\" content=\"Fleet - MSIG Europe\" \/>\n<meta property=\"og:description\" content=\"Nos assurances auto sont adapt\u00e9es \u00e0 tous types de client\u00e8les et de besoins, qu\u2019il s\u2019agisse de petites entreprises commerciales avec une flotte de minimum 10 v\u00e9hicules ou de grandes entreprises cot\u00e9es en bourse. Nos solutions\" \/>\n<meta property=\"og:url\" content=\"https:\/\/msig-europe.be\/fr\/fleet\/\" \/>\n<meta property=\"og:site_name\" content=\"MSIG Europe\" \/>\n<meta property=\"article:modified_time\" content=\"2024-02-28T10:22:16+00:00\" \/>\n<meta property=\"og:image\" content=\"https:\/\/msig-europe.be\/fr\/wp-content\/uploads\/sites\/4\/2023\/12\/FleetOfCars.webp\" \/>\n\t<meta property=\"og:image:width\" content=\"2121\" \/>\n\t<meta property=\"og:image:height\" content=\"1414\" \/>\n\t<meta property=\"og:image:type\" content=\"image\/webp\" \/>\n<meta name=\"twitter:card\" content=\"summary_large_image\" \/>\n<meta name=\"twitter:label1\" content=\"Dur\u00e9e de lecture est.\" \/>\n\t<meta name=\"twitter:data1\" content=\"1 minute\" \/>\n<script type=\"application\/ld+json\" class=\"yoast-schema-graph\">{\"@context\":\"https:\\\/\\\/schema.org\",\"@graph\":[{\"@type\":\"WebPage\",\"@id\":\"https:\\\/\\\/msig-europe.be\\\/fr\\\/fleet\\\/\",\"url\":\"https:\\\/\\\/msig-europe.be\\\/fr\\\/fleet\\\/\",\"name\":\"Fleet - MSIG Europe\",\"isPartOf\":{\"@id\":\"https:\\\/\\\/msig-europe.be\\\/fr\\\/#website\"},\"primaryImageOfPage\":{\"@id\":\"https:\\\/\\\/msig-europe.be\\\/fr\\\/fleet\\\/#primaryimage\"},\"image\":{\"@id\":\"https:\\\/\\\/msig-europe.be\\\/fr\\\/fleet\\\/#primaryimage\"},\"thumbnailUrl\":\"https:\\\/\\\/msig-europe.be\\\/fr\\\/wp-content\\\/uploads\\\/sites\\\/4\\\/2023\\\/12\\\/FleetOfCars.webp\",\"datePublished\":\"2023-12-07T10:06:56+00:00\",\"dateModified\":\"2024-02-28T10:22:16+00:00\",\"breadcrumb\":{\"@id\":\"https:\\\/\\\/msig-europe.be\\\/fr\\\/fleet\\\/#breadcrumb\"},\"inLanguage\":\"fr-BE\",\"potentialAction\":[{\"@type\":\"ReadAction\",\"target\":[\"https:\\\/\\\/msig-europe.be\\\/fr\\\/fleet\\\/\"]}]},{\"@type\":\"ImageObject\",\"inLanguage\":\"fr-BE\",\"@id\":\"https:\\\/\\\/msig-europe.be\\\/fr\\\/fleet\\\/#primaryimage\",\"url\":\"https:\\\/\\\/msig-europe.be\\\/fr\\\/wp-content\\\/uploads\\\/sites\\\/4\\\/2023\\\/12\\\/FleetOfCars.webp\",\"contentUrl\":\"https:\\\/\\\/msig-europe.be\\\/fr\\\/wp-content\\\/uploads\\\/sites\\\/4\\\/2023\\\/12\\\/FleetOfCars.webp\",\"width\":2121,\"height\":1414},{\"@type\":\"BreadcrumbList\",\"@id\":\"https:\\\/\\\/msig-europe.be\\\/fr\\\/fleet\\\/#breadcrumb\",\"itemListElement\":[{\"@type\":\"ListItem\",\"position\":1,\"name\":\"Accueil\",\"item\":\"https:\\\/\\\/msig-europe.be\\\/fr\\\/\"},{\"@type\":\"ListItem\",\"position\":2,\"name\":\"Fleet\"}]},{\"@type\":\"WebSite\",\"@id\":\"https:\\\/\\\/msig-europe.be\\\/fr\\\/#website\",\"url\":\"https:\\\/\\\/msig-europe.be\\\/fr\\\/\",\"name\":\"MSIG Europe\",\"description\":\"Building trust together\",\"publisher\":{\"@id\":\"https:\\\/\\\/msig-europe.be\\\/fr\\\/#organization\"},\"alternateName\":\"MSIG Europe\",\"potentialAction\":[{\"@type\":\"SearchAction\",\"target\":{\"@type\":\"EntryPoint\",\"urlTemplate\":\"https:\\\/\\\/msig-europe.be\\\/fr\\\/?s={search_term_string}\"},\"query-input\":{\"@type\":\"PropertyValueSpecification\",\"valueRequired\":true,\"valueName\":\"search_term_string\"}}],\"inLanguage\":\"fr-BE\"},{\"@type\":\"Organization\",\"@id\":\"https:\\\/\\\/msig-europe.be\\\/fr\\\/#organization\",\"name\":\"MSIG Europe\",\"alternateName\":\"MSIG Europe\",\"url\":\"https:\\\/\\\/msig-europe.be\\\/fr\\\/\",\"logo\":{\"@type\":\"ImageObject\",\"inLanguage\":\"fr-BE\",\"@id\":\"https:\\\/\\\/msig-europe.be\\\/fr\\\/#\\\/schema\\\/logo\\\/image\\\/\",\"url\":\"https:\\\/\\\/msig-europe.be\\\/fr\\\/wp-content\\\/uploads\\\/sites\\\/4\\\/2025\\\/06\\\/MSIG_Europe_standard_CMYK_png-scaled.png\",\"contentUrl\":\"https:\\\/\\\/msig-europe.be\\\/fr\\\/wp-content\\\/uploads\\\/sites\\\/4\\\/2025\\\/06\\\/MSIG_Europe_standard_CMYK_png-scaled.png\",\"width\":2560,\"height\":1017,\"caption\":\"MSIG Europe\"},\"image\":{\"@id\":\"https:\\\/\\\/msig-europe.be\\\/fr\\\/#\\\/schema\\\/logo\\\/image\\\/\"}}]}<\/script>\n<!-- \/ Yoast SEO plugin. -->","yoast_head_json":{"title":"Fleet - MSIG Europe","robots":{"index":"index","follow":"follow","max-snippet":"max-snippet:-1","max-image-preview":"max-image-preview:large","max-video-preview":"max-video-preview:-1"},"canonical":"https:\/\/msig-europe.be\/fr\/fleet\/","og_locale":"fr_FR","og_type":"article","og_title":"Fleet - MSIG Europe","og_description":"Nos assurances auto sont adapt\u00e9es \u00e0 tous types de client\u00e8les et de besoins, qu\u2019il s\u2019agisse de petites entreprises commerciales avec une flotte de minimum 10 v\u00e9hicules ou de grandes entreprises cot\u00e9es en bourse. Nos solutions","og_url":"https:\/\/msig-europe.be\/fr\/fleet\/","og_site_name":"MSIG Europe","article_modified_time":"2024-02-28T10:22:16+00:00","og_image":[{"width":2121,"height":1414,"url":"https:\/\/msig-europe.be\/fr\/wp-content\/uploads\/sites\/4\/2023\/12\/FleetOfCars.webp","type":"image\/webp"}],"twitter_card":"summary_large_image","twitter_misc":{"Dur\u00e9e de lecture est.":"1 minute"},"schema":{"@context":"https:\/\/schema.org","@graph":[{"@type":"WebPage","@id":"https:\/\/msig-europe.be\/fr\/fleet\/","url":"https:\/\/msig-europe.be\/fr\/fleet\/","name":"Fleet - MSIG Europe","isPartOf":{"@id":"https:\/\/msig-europe.be\/fr\/#website"},"primaryImageOfPage":{"@id":"https:\/\/msig-europe.be\/fr\/fleet\/#primaryimage"},"image":{"@id":"https:\/\/msig-europe.be\/fr\/fleet\/#primaryimage"},"thumbnailUrl":"https:\/\/msig-europe.be\/fr\/wp-content\/uploads\/sites\/4\/2023\/12\/FleetOfCars.webp","datePublished":"2023-12-07T10:06:56+00:00","dateModified":"2024-02-28T10:22:16+00:00","breadcrumb":{"@id":"https:\/\/msig-europe.be\/fr\/fleet\/#breadcrumb"},"inLanguage":"fr-BE","potentialAction":[{"@type":"ReadAction","target":["https:\/\/msig-europe.be\/fr\/fleet\/"]}]},{"@type":"ImageObject","inLanguage":"fr-BE","@id":"https:\/\/msig-europe.be\/fr\/fleet\/#primaryimage","url":"https:\/\/msig-europe.be\/fr\/wp-content\/uploads\/sites\/4\/2023\/12\/FleetOfCars.webp","contentUrl":"https:\/\/msig-europe.be\/fr\/wp-content\/uploads\/sites\/4\/2023\/12\/FleetOfCars.webp","width":2121,"height":1414},{"@type":"BreadcrumbList","@id":"https:\/\/msig-europe.be\/fr\/fleet\/#breadcrumb","itemListElement":[{"@type":"ListItem","position":1,"name":"Accueil","item":"https:\/\/msig-europe.be\/fr\/"},{"@type":"ListItem","position":2,"name":"Fleet"}]},{"@type":"WebSite","@id":"https:\/\/msig-europe.be\/fr\/#website","url":"https:\/\/msig-europe.be\/fr\/","name":"MSIG Europe","description":"Building trust together","publisher":{"@id":"https:\/\/msig-europe.be\/fr\/#organization"},"alternateName":"MSIG Europe","potentialAction":[{"@type":"SearchAction","target":{"@type":"EntryPoint","urlTemplate":"https:\/\/msig-europe.be\/fr\/?s={search_term_string}"},"query-input":{"@type":"PropertyValueSpecification","valueRequired":true,"valueName":"search_term_string"}}],"inLanguage":"fr-BE"},{"@type":"Organization","@id":"https:\/\/msig-europe.be\/fr\/#organization","name":"MSIG Europe","alternateName":"MSIG Europe","url":"https:\/\/msig-europe.be\/fr\/","logo":{"@type":"ImageObject","inLanguage":"fr-BE","@id":"https:\/\/msig-europe.be\/fr\/#\/schema\/logo\/image\/","url":"https:\/\/msig-europe.be\/fr\/wp-content\/uploads\/sites\/4\/2025\/06\/MSIG_Europe_standard_CMYK_png-scaled.png","contentUrl":"https:\/\/msig-europe.be\/fr\/wp-content\/uploads\/sites\/4\/2025\/06\/MSIG_Europe_standard_CMYK_png-scaled.png","width":2560,"height":1017,"caption":"MSIG Europe"},"image":{"@id":"https:\/\/msig-europe.be\/fr\/#\/schema\/logo\/image\/"}}]}},"distributor_meta":false,"distributor_terms":false,"distributor_media":false,"distributor_original_site_name":"MSIG Europe","distributor_original_site_url":"https:\/\/msig-europe.be\/fr","push-errors":false,"_links":{"self":[{"href":"https:\/\/msig-europe.be\/fr\/wp-json\/wp\/v2\/pages\/109","targetHints":{"allow":["GET"]}}],"collection":[{"href":"https:\/\/msig-europe.be\/fr\/wp-json\/wp\/v2\/pages"}],"about":[{"href":"https:\/\/msig-europe.be\/fr\/wp-json\/wp\/v2\/types\/page"}],"author":[{"embeddable":true,"href":"https:\/\/msig-europe.be\/fr\/wp-json\/wp\/v2\/users\/3"}],"replies":[{"embeddable":true,"href":"https:\/\/msig-europe.be\/fr\/wp-json\/wp\/v2\/comments?post=109"}],"version-history":[{"count":21,"href":"https:\/\/msig-europe.be\/fr\/wp-json\/wp\/v2\/pages\/109\/revisions"}],"predecessor-version":[{"id":480,"href":"https:\/\/msig-europe.be\/fr\/wp-json\/wp\/v2\/pages\/109\/revisions\/480"}],"wp:featuredmedia":[{"embeddable":true,"href":"https:\/\/msig-europe.be\/fr\/wp-json\/wp\/v2\/media\/182"}],"wp:attachment":[{"href":"https:\/\/msig-europe.be\/fr\/wp-json\/wp\/v2\/media?parent=109"}],"curies":[{"name":"wp","href":"https:\/\/api.w.org\/{rel}","templated":true}]}}