{"id":26,"date":"2023-11-21T15:56:19","date_gmt":"2023-11-21T14:56:19","guid":{"rendered":"https:\/\/msig-europe.be\/fr\/?page_id=26"},"modified":"2025-06-13T09:24:58","modified_gmt":"2025-06-13T07:24:58","slug":"a-propos","status":"publish","type":"page","link":"https:\/\/msig-europe.be\/fr\/a-propos\/","title":{"rendered":"\u00c0 Propos"},"content":{"rendered":"\n\t<div data-name=\"acf\/block-hero\" class=\"alignwide\" >\n\t\t<div data-component=\"hero-image-square\" class=\"flex flex-col gap-8 mt-8 break-words lg:gap-12 xl:gap-44 lg:items-center lg:flex-row lg:mb-12 text-zoom-md:flex-col\">\n\t<div class=\"lg:max-w-[38.75rem]\">\n\t\t<div\n\t\t\tdata-module=\"animate\"\n\t\t\tclass=\"duration-300 translate-y-6 opacity-0\"\n\t\t\tdata-animate-classes=\"[&quot;opacity-100!&quot;,&quot;translate-y-0!&quot;]\"\n\t\t\tdata-animate-after=\"100\"\n\t\t>\n\t\t\t<h1 class=\"mb-3 text-xl font-normal sm:text-2xl lg:text-3xl md:mb-6 font-heading\">\u00c0 Propos<\/h1>\n\t\t<\/div>\n\n\t\t\t<\/div>\n\n\t<div class=\"mx-auto lg:mt-8 lg:order-first xl:shrink-0 lg:mx-0 xl:ml-12\">\n\t\t<div class=\"max-w-[25rem]\">\n\t\t\t<div class=\"relative\">\n\t<div\n\t\tdata-module=\"animate\"\n\t\tdata-animate-classes=\"[&quot;opacity-100!&quot;,&quot;scale-100!&quot;]\"\n\t\tclass=\"relative p-10 duration-500 scale-75 opacity-0 image:aspect-square image:rounded-full image:w-full image:h-full image:object-cover\"\n\t>\n\t\t<img fetchpriority=\"high\" decoding=\"async\" width=\"990\" height=\"990\" src=\"https:\/\/msig-europe.be\/fr\/wp-content\/uploads\/sites\/4\/2023\/11\/iStock-845523472-990x990.webp\" class=\"attachment-large-square size-large-square\" alt=\"\" loading=\"eager\" sizes=\"(max-width: 1023px) 320px, 600px\" srcset=\"https:\/\/msig-europe.be\/fr\/wp-content\/uploads\/sites\/4\/2023\/11\/iStock-845523472-990x990.webp 990w, https:\/\/msig-europe.be\/fr\/wp-content\/uploads\/sites\/4\/2023\/11\/iStock-845523472-150x150.webp 150w, https:\/\/msig-europe.be\/fr\/wp-content\/uploads\/sites\/4\/2023\/11\/iStock-845523472-495x495.webp 495w\" \/>\n\t<\/div>\n\t<img\n\t\tdata-module=\"animate\"\n\t\tdata-animate-classes=\"[&quot;rotate-0!&quot;]\"\n\t\tclass=\"absolute inset-0 object-cover w-full h-full duration-500 -rotate-12 z-[1]\"\n\t\tsrc=\"https:\/\/msig-europe.be\/fr\/wp-content\/themes\/msig-europe\/public\/svg\/hero-shape.svg\"\n\t\twidth=\"630\"\n\t\theight=\"630\"\n\t\talt=\"\"\n\t\/>\n<\/div>\n\t\t<\/div>\n\t<\/div>\n<\/div>\n\t<\/div>\n\n\n\n<h3 class=\"wp-block-heading\"><strong>MSIG Europe en Belgique<\/strong><\/h3>\n\n\n\n<p><br>Nos \u00e9quipes de souscription expertes en Dommages, Responsabilit\u00e9 Civile et Maritime proposent des solutions d\u2019assurance adapt\u00e9es aux besoins des entreprises, en Belgique comme \u00e0 l\u2019international pour PME, grandes entreprises et professionnels.<\/p>\n\n\n\n<h3 class=\"wp-block-heading\"><br><strong>L\u2019excellence de l\u2019Underwriting<\/strong><\/h3>\n\n\n\n<p><strong><br><\/strong>La qualit\u00e9 de nos prestations de service est au coeur de toutes nos activit\u00e9s. Forts de leurs longues ann\u00e9es d\u2019exp\u00e9rience, nos senior Underwriters sont des experts chacun dans leur domaine.<\/p>\n\n\n\n<h3 class=\"wp-block-heading\"><br><strong>L\u2019indemnisation, un vrai m\u00e9tier de service<\/strong><\/h3>\n\n\n\n<p><strong><br><\/strong>Nous savons qu\u2019un sinistre est toujours un traumatisme et pour certaines affaires le temps joue contre la p\u00e9rennit\u00e9 de l\u2019entreprise. Nous sommes conscients des probl\u00e8mes provoqu\u00e9s par l\u2019interruption op\u00e9rationnelle et le stress d\u00e9coulant d\u2019un sinistre. Nous mettons tout en oeuvre pour d\u00e9cider rapidement et \u00e9quitablement et d\u00e9montrer ainsi notre int\u00e9grit\u00e9 et notre excellence technique. Quand cela s\u2019av\u00e8re possible, nous proc\u00e9dons \u00e0 un paiement express. Nous sommes d\u2019ailleurs les premiers \u00e0 avoir lanc\u00e9 MSIG Europe Advance : une proc\u00e9dure d\u2019indemnisation rapide qui permets \u00e0 nos clients et tiers l\u00e9s\u00e9s de disposer tr\u00e8s vite d\u2019une avance apr\u00e8s avoir subi un sinistre important.<\/p>\n\n\n\n<h3 class=\"wp-block-heading\"><br><strong>Notre philosophie en action<\/strong><\/h3>\n\n\n\n<ul class=\"wp-block-list\">\n<li>Nous comprenons les attentes des clients et respectons nos engagements<\/li>\n\n\n\n<li>Notre structure Global Claims nous permet plus que jamais de garantir la qualit\u00e9<br>de nos services au client<\/li>\n\n\n\n<li>Nous voulons traiter nos clients non seulement comme des clients mais \u00e9galement comme des partenaires et entretenir avec eux des relations durables, bas\u00e9es sur la confiance et la compr\u00e9hension<\/li>\n\n\n\n<li>Notre objectif est d\u2019am\u00e9liorer continuellement notre service en ne nous contentant pas de faire notre travail mais en cherchant \u00e0 mieux comprendre les besoins du client<\/li>\n\n\n\n<li>Nous aspirons \u00e0 placer nos clients au coeur de tout ce que nous faisons<\/li>\n<\/ul>\n\n\n\n<p><\/p>\n","protected":false},"excerpt":{"rendered":"<p>MSIG Europe en Belgique Nos \u00e9quipes de souscription expertes en Dommages, Responsabilit\u00e9 Civile et Maritime proposent des solutions d\u2019assurance adapt\u00e9es aux besoins des entreprises, en Belgique comme \u00e0 l\u2019international pour PME, grandes entreprises et professionnels. L\u2019excellence de l\u2019Underwriting La qualit\u00e9 de nos prestations de service est au coeur de toutes nos activit\u00e9s. Forts de leurs [&hellip;]<\/p>\n","protected":false},"author":3,"featured_media":0,"parent":0,"menu_order":0,"comment_status":"closed","ping_status":"closed","template":"","meta":{"_acf_changed":false,"editor_notices":[],"footnotes":""},"class_list":["post-26","page","type-page","status-publish","hentry"],"acf":[],"yoast_head":"<!-- This site is optimized with the Yoast SEO plugin v27.3 - https:\/\/yoast.com\/product\/yoast-seo-wordpress\/ -->\n<title>MSIG Europe Belgique - Solutions d&#039;assurance pour entreprises<\/title>\n<meta name=\"description\" content=\"MSIG Europe, expert en assurance pour entreprises. Apprenez-en plus sur notre expertise, nos services et notre mission de protection des professionnels.\" \/>\n<meta name=\"robots\" content=\"index, follow, max-snippet:-1, max-image-preview:large, max-video-preview:-1\" \/>\n<link rel=\"canonical\" href=\"https:\/\/msig-europe.be\/fr\/a-propos\/\" \/>\n<meta property=\"og:locale\" content=\"fr_FR\" \/>\n<meta property=\"og:type\" content=\"article\" \/>\n<meta property=\"og:title\" content=\"MSIG Europe Belgique - Solutions d&#039;assurance pour entreprises\" \/>\n<meta property=\"og:description\" content=\"MSIG Europe, expert en assurance pour entreprises. Apprenez-en plus sur notre expertise, nos services et notre mission de protection des professionnels.\" \/>\n<meta property=\"og:url\" content=\"https:\/\/msig-europe.be\/fr\/a-propos\/\" \/>\n<meta property=\"og:site_name\" content=\"MSIG Europe\" \/>\n<meta property=\"article:modified_time\" content=\"2025-06-13T07:24:58+00:00\" \/>\n<meta property=\"og:image\" content=\"https:\/\/msig-europe.be\/fr\/wp-content\/uploads\/sites\/4\/2025\/06\/Standard-image.webp\" \/>\n\t<meta property=\"og:image:width\" content=\"1920\" \/>\n\t<meta property=\"og:image:height\" content=\"1080\" \/>\n\t<meta property=\"og:image:type\" content=\"image\/webp\" \/>\n<meta name=\"twitter:card\" content=\"summary_large_image\" \/>\n<meta name=\"twitter:label1\" content=\"Dur\u00e9e de lecture est.\" \/>\n\t<meta name=\"twitter:data1\" content=\"2 minutes\" \/>\n<script type=\"application\/ld+json\" class=\"yoast-schema-graph\">{\"@context\":\"https:\\\/\\\/schema.org\",\"@graph\":[{\"@type\":\"WebPage\",\"@id\":\"https:\\\/\\\/msig-europe.be\\\/fr\\\/a-propos\\\/\",\"url\":\"https:\\\/\\\/msig-europe.be\\\/fr\\\/a-propos\\\/\",\"name\":\"MSIG Europe Belgique - Solutions d'assurance pour entreprises\",\"isPartOf\":{\"@id\":\"https:\\\/\\\/msig-europe.be\\\/fr\\\/#website\"},\"datePublished\":\"2023-11-21T14:56:19+00:00\",\"dateModified\":\"2025-06-13T07:24:58+00:00\",\"description\":\"MSIG Europe, expert en assurance pour entreprises. Apprenez-en plus sur notre expertise, nos services et notre mission de protection des professionnels.\",\"breadcrumb\":{\"@id\":\"https:\\\/\\\/msig-europe.be\\\/fr\\\/a-propos\\\/#breadcrumb\"},\"inLanguage\":\"fr-BE\",\"potentialAction\":[{\"@type\":\"ReadAction\",\"target\":[\"https:\\\/\\\/msig-europe.be\\\/fr\\\/a-propos\\\/\"]}]},{\"@type\":\"BreadcrumbList\",\"@id\":\"https:\\\/\\\/msig-europe.be\\\/fr\\\/a-propos\\\/#breadcrumb\",\"itemListElement\":[{\"@type\":\"ListItem\",\"position\":1,\"name\":\"Accueil\",\"item\":\"https:\\\/\\\/msig-europe.be\\\/fr\\\/\"},{\"@type\":\"ListItem\",\"position\":2,\"name\":\"\u00c0 Propos\"}]},{\"@type\":\"WebSite\",\"@id\":\"https:\\\/\\\/msig-europe.be\\\/fr\\\/#website\",\"url\":\"https:\\\/\\\/msig-europe.be\\\/fr\\\/\",\"name\":\"MSIG Europe\",\"description\":\"Building trust together\",\"publisher\":{\"@id\":\"https:\\\/\\\/msig-europe.be\\\/fr\\\/#organization\"},\"alternateName\":\"MSIG Europe\",\"potentialAction\":[{\"@type\":\"SearchAction\",\"target\":{\"@type\":\"EntryPoint\",\"urlTemplate\":\"https:\\\/\\\/msig-europe.be\\\/fr\\\/?s={search_term_string}\"},\"query-input\":{\"@type\":\"PropertyValueSpecification\",\"valueRequired\":true,\"valueName\":\"search_term_string\"}}],\"inLanguage\":\"fr-BE\"},{\"@type\":\"Organization\",\"@id\":\"https:\\\/\\\/msig-europe.be\\\/fr\\\/#organization\",\"name\":\"MSIG Europe\",\"alternateName\":\"MSIG Europe\",\"url\":\"https:\\\/\\\/msig-europe.be\\\/fr\\\/\",\"logo\":{\"@type\":\"ImageObject\",\"inLanguage\":\"fr-BE\",\"@id\":\"https:\\\/\\\/msig-europe.be\\\/fr\\\/#\\\/schema\\\/logo\\\/image\\\/\",\"url\":\"https:\\\/\\\/msig-europe.be\\\/fr\\\/wp-content\\\/uploads\\\/sites\\\/4\\\/2025\\\/06\\\/MSIG_Europe_standard_CMYK_png-scaled.png\",\"contentUrl\":\"https:\\\/\\\/msig-europe.be\\\/fr\\\/wp-content\\\/uploads\\\/sites\\\/4\\\/2025\\\/06\\\/MSIG_Europe_standard_CMYK_png-scaled.png\",\"width\":2560,\"height\":1017,\"caption\":\"MSIG Europe\"},\"image\":{\"@id\":\"https:\\\/\\\/msig-europe.be\\\/fr\\\/#\\\/schema\\\/logo\\\/image\\\/\"}}]}<\/script>\n<!-- \/ Yoast SEO plugin. -->","yoast_head_json":{"title":"MSIG Europe Belgique - Solutions d'assurance pour entreprises","description":"MSIG Europe, expert en assurance pour entreprises. Apprenez-en plus sur notre expertise, nos services et notre mission de protection des professionnels.","robots":{"index":"index","follow":"follow","max-snippet":"max-snippet:-1","max-image-preview":"max-image-preview:large","max-video-preview":"max-video-preview:-1"},"canonical":"https:\/\/msig-europe.be\/fr\/a-propos\/","og_locale":"fr_FR","og_type":"article","og_title":"MSIG Europe Belgique - Solutions d'assurance pour entreprises","og_description":"MSIG Europe, expert en assurance pour entreprises. Apprenez-en plus sur notre expertise, nos services et notre mission de protection des professionnels.","og_url":"https:\/\/msig-europe.be\/fr\/a-propos\/","og_site_name":"MSIG Europe","article_modified_time":"2025-06-13T07:24:58+00:00","og_image":[{"width":1920,"height":1080,"url":"https:\/\/msig-europe.be\/fr\/wp-content\/uploads\/sites\/4\/2025\/06\/Standard-image.webp","type":"image\/webp"}],"twitter_card":"summary_large_image","twitter_misc":{"Dur\u00e9e de lecture est.":"2 minutes"},"schema":{"@context":"https:\/\/schema.org","@graph":[{"@type":"WebPage","@id":"https:\/\/msig-europe.be\/fr\/a-propos\/","url":"https:\/\/msig-europe.be\/fr\/a-propos\/","name":"MSIG Europe Belgique - Solutions d'assurance pour entreprises","isPartOf":{"@id":"https:\/\/msig-europe.be\/fr\/#website"},"datePublished":"2023-11-21T14:56:19+00:00","dateModified":"2025-06-13T07:24:58+00:00","description":"MSIG Europe, expert en assurance pour entreprises. Apprenez-en plus sur notre expertise, nos services et notre mission de protection des professionnels.","breadcrumb":{"@id":"https:\/\/msig-europe.be\/fr\/a-propos\/#breadcrumb"},"inLanguage":"fr-BE","potentialAction":[{"@type":"ReadAction","target":["https:\/\/msig-europe.be\/fr\/a-propos\/"]}]},{"@type":"BreadcrumbList","@id":"https:\/\/msig-europe.be\/fr\/a-propos\/#breadcrumb","itemListElement":[{"@type":"ListItem","position":1,"name":"Accueil","item":"https:\/\/msig-europe.be\/fr\/"},{"@type":"ListItem","position":2,"name":"\u00c0 Propos"}]},{"@type":"WebSite","@id":"https:\/\/msig-europe.be\/fr\/#website","url":"https:\/\/msig-europe.be\/fr\/","name":"MSIG Europe","description":"Building trust together","publisher":{"@id":"https:\/\/msig-europe.be\/fr\/#organization"},"alternateName":"MSIG Europe","potentialAction":[{"@type":"SearchAction","target":{"@type":"EntryPoint","urlTemplate":"https:\/\/msig-europe.be\/fr\/?s={search_term_string}"},"query-input":{"@type":"PropertyValueSpecification","valueRequired":true,"valueName":"search_term_string"}}],"inLanguage":"fr-BE"},{"@type":"Organization","@id":"https:\/\/msig-europe.be\/fr\/#organization","name":"MSIG Europe","alternateName":"MSIG Europe","url":"https:\/\/msig-europe.be\/fr\/","logo":{"@type":"ImageObject","inLanguage":"fr-BE","@id":"https:\/\/msig-europe.be\/fr\/#\/schema\/logo\/image\/","url":"https:\/\/msig-europe.be\/fr\/wp-content\/uploads\/sites\/4\/2025\/06\/MSIG_Europe_standard_CMYK_png-scaled.png","contentUrl":"https:\/\/msig-europe.be\/fr\/wp-content\/uploads\/sites\/4\/2025\/06\/MSIG_Europe_standard_CMYK_png-scaled.png","width":2560,"height":1017,"caption":"MSIG Europe"},"image":{"@id":"https:\/\/msig-europe.be\/fr\/#\/schema\/logo\/image\/"}}]}},"distributor_meta":false,"distributor_terms":false,"distributor_media":false,"distributor_original_site_name":"MSIG Europe","distributor_original_site_url":"https:\/\/msig-europe.be\/fr","push-errors":false,"_links":{"self":[{"href":"https:\/\/msig-europe.be\/fr\/wp-json\/wp\/v2\/pages\/26","targetHints":{"allow":["GET"]}}],"collection":[{"href":"https:\/\/msig-europe.be\/fr\/wp-json\/wp\/v2\/pages"}],"about":[{"href":"https:\/\/msig-europe.be\/fr\/wp-json\/wp\/v2\/types\/page"}],"author":[{"embeddable":true,"href":"https:\/\/msig-europe.be\/fr\/wp-json\/wp\/v2\/users\/3"}],"replies":[{"embeddable":true,"href":"https:\/\/msig-europe.be\/fr\/wp-json\/wp\/v2\/comments?post=26"}],"version-history":[{"count":18,"href":"https:\/\/msig-europe.be\/fr\/wp-json\/wp\/v2\/pages\/26\/revisions"}],"predecessor-version":[{"id":1280,"href":"https:\/\/msig-europe.be\/fr\/wp-json\/wp\/v2\/pages\/26\/revisions\/1280"}],"wp:attachment":[{"href":"https:\/\/msig-europe.be\/fr\/wp-json\/wp\/v2\/media?parent=26"}],"curies":[{"name":"wp","href":"https:\/\/api.w.org\/{rel}","templated":true}]}}