{"id":28,"date":"2023-11-23T18:46:15","date_gmt":"2023-11-23T17:46:15","guid":{"rendered":"https:\/\/msig-europe.be\/fr\/?page_id=28"},"modified":"2025-07-23T16:14:05","modified_gmt":"2025-07-23T14:14:05","slug":"reclamations","status":"publish","type":"page","link":"https:\/\/msig-europe.be\/fr\/reclamations\/","title":{"rendered":"R\u00e9clamations"},"content":{"rendered":"\n<h2 class=\"wp-block-heading\">Une plainte \u00e0 propos d\u2019MSIG Europe<\/h2>\n\n\n\n<h3 class=\"wp-block-heading\">MSIG Europe souscrit aux \u00ab&nbsp;R\u00e8gles de conduite pour la gestion des r\u00e9clamations dans les entreprises d&rsquo;assurances&nbsp;\u00bb d\u2019Assuralia.<\/h3>\n\n\n\n<p><strong>Vous \u00eates m\u00e9content d\u2019un produit d\u2019MSIG Europe, de notre prestation de service ou de tiers op\u00e9rant en notre nom&nbsp;?<br><\/strong>Nous vous conseillons dans ce cas de contacter en premier lieu le gestionnaire du dossier concern\u00e9 au sein d\u2019MSIG Europe et\/ou son sup\u00e9rieur hi\u00e9rarchique. Si vous n\u2019obtenez pas satisfaction par ce biais, vous pouvez introduire une r\u00e9clamation formelle.<\/p>\n\n\n\n<p><strong>Veuillez l\u2019adresser \u00e0\u00a0:<br><\/strong>MSIG Europe SE<br>\u00c0 l\u2019attention du Gestion des r\u00e9clamations Belgique<br>Boulevard du Roi Albert II, 37<br>B-1030 Bruxelles<\/p>\n\n\n\n<p>Ou l\u2019envoyer par courriel \u00e0&nbsp;<a href=\"mailto:plaintes.be@msig-europe.com\" target=\"_blank\" rel=\"noreferrer noopener\">plaintes.be@msig-europe.com<\/a><\/p>\n\n\n\n<p>Nous vous enverrons dans les trois jours ouvrables un accus\u00e9 de r\u00e9ception expliquant bri\u00e8vement la suite de la proc\u00e9dure.<\/p>\n\n\n\n<p>Nous visons \u00e0 r\u00e9pondre \u00e0 votre r\u00e9clamation dans les deux semaines et vous garantissons une r\u00e9ponse d\u00e9finitive dans le mois. Si cela n\u2019est pas possible, nous justifierons le non-respect de ce d\u00e9lai et vous donnerons une indication du d\u00e9lai au terme duquel nous vous enverrons une r\u00e9ponse d\u00e9finitive.<\/p>\n\n\n\n<p>Si notre r\u00e9ponse d\u00e9finitive ne vous&nbsp;convient pas, vous pouvez contacter l\u2019Ombudsman des assurances, square de Mee\u00fbs 35 \u00e0 1000 Bruxelles (ou sur \u00ab&nbsp;<a href=\"http:\/\/www.ombudsman-insurance.be\/\" target=\"_blank\" rel=\"noreferrer noopener\">www.ombudsman-insurance.be<\/a>&nbsp;\u00bb),&nbsp;tout en conservant la possibilit\u00e9 d\u2019effectuer un recours aupr\u00e8s des tribunaux.<\/p>\n\n\n\n<p>Ou bien, si vous \u00eates un particulier et vous avez achet\u00e9 un produit ou un service en ligne, il est possible que vous ayez le droit de d\u00e9poser votre plainte sur la plate-forme de r\u00e8glement en ligne des litiges (RLL) de la Commission europ\u00e9enne. La plateforme de RLL redirigera votre plainte vers l&rsquo;organisme alternatif de r\u00e8glement des litiges comp\u00e9tent.<\/p>\n\n\n\n<p>Pour plus de d\u00e9tails,&nbsp;<a href=\"https:\/\/ec.europa.eu\/consumers\/odr\/main\/index.cfm?event=main.home.chooseLanguage\" target=\"_blank\" rel=\"noreferrer noopener\">dirigez-vous vers<\/a>.<\/p>\n","protected":false},"excerpt":{"rendered":"<p>Une plainte \u00e0 propos d\u2019MSIG Europe MSIG Europe souscrit aux \u00ab&nbsp;R\u00e8gles de conduite pour la gestion des r\u00e9clamations dans les entreprises d&rsquo;assurances&nbsp;\u00bb d\u2019Assuralia. Vous \u00eates m\u00e9content d\u2019un produit d\u2019MSIG Europe, de notre prestation de service ou de tiers op\u00e9rant en notre nom&nbsp;?Nous vous conseillons dans ce cas de contacter en premier lieu le gestionnaire du [&hellip;]<\/p>\n","protected":false},"author":3,"featured_media":0,"parent":0,"menu_order":0,"comment_status":"closed","ping_status":"closed","template":"","meta":{"_acf_changed":false,"editor_notices":[],"footnotes":""},"class_list":["post-28","page","type-page","status-publish","hentry"],"acf":[],"yoast_head":"<!-- This site is optimized with the Yoast SEO plugin v27.3 - https:\/\/yoast.com\/product\/yoast-seo-wordpress\/ -->\n<title>Introduire une plainte chez MSIG Europe<\/title>\n<meta name=\"description\" content=\"Vous souhaitez introduire une plainte chez MSIG Europe ? Suivez notre proc\u00e9dure simple et b\u00e9n\u00e9ficiez d&#039;une assistance compl\u00e8te.\" \/>\n<meta name=\"robots\" content=\"index, follow, max-snippet:-1, max-image-preview:large, max-video-preview:-1\" \/>\n<link rel=\"canonical\" href=\"https:\/\/msig-europe.be\/fr\/reclamations\/\" \/>\n<meta property=\"og:locale\" content=\"fr_FR\" \/>\n<meta property=\"og:type\" content=\"article\" \/>\n<meta property=\"og:title\" content=\"Introduire une plainte chez MSIG Europe\" \/>\n<meta property=\"og:description\" content=\"Vous souhaitez introduire une plainte chez MSIG Europe ? Suivez notre proc\u00e9dure simple et b\u00e9n\u00e9ficiez d&#039;une assistance compl\u00e8te.\" \/>\n<meta property=\"og:url\" content=\"https:\/\/msig-europe.be\/fr\/reclamations\/\" \/>\n<meta property=\"og:site_name\" content=\"MSIG Europe\" \/>\n<meta property=\"article:modified_time\" content=\"2025-07-23T14:14:05+00:00\" \/>\n<meta property=\"og:image\" content=\"https:\/\/msig-europe.be\/fr\/wp-content\/uploads\/sites\/4\/2025\/06\/Standard-image.webp\" \/>\n\t<meta property=\"og:image:width\" content=\"1920\" \/>\n\t<meta property=\"og:image:height\" content=\"1080\" \/>\n\t<meta property=\"og:image:type\" content=\"image\/webp\" \/>\n<meta name=\"twitter:card\" content=\"summary_large_image\" \/>\n<meta name=\"twitter:label1\" content=\"Dur\u00e9e de lecture est.\" \/>\n\t<meta name=\"twitter:data1\" content=\"2 minutes\" \/>\n<script type=\"application\/ld+json\" class=\"yoast-schema-graph\">{\"@context\":\"https:\\\/\\\/schema.org\",\"@graph\":[{\"@type\":\"WebPage\",\"@id\":\"https:\\\/\\\/msig-europe.be\\\/fr\\\/reclamations\\\/\",\"url\":\"https:\\\/\\\/msig-europe.be\\\/fr\\\/reclamations\\\/\",\"name\":\"Introduire une plainte chez MSIG Europe\",\"isPartOf\":{\"@id\":\"https:\\\/\\\/msig-europe.be\\\/fr\\\/#website\"},\"datePublished\":\"2023-11-23T17:46:15+00:00\",\"dateModified\":\"2025-07-23T14:14:05+00:00\",\"description\":\"Vous souhaitez introduire une plainte chez MSIG Europe ? Suivez notre proc\u00e9dure simple et b\u00e9n\u00e9ficiez d'une assistance compl\u00e8te.\",\"breadcrumb\":{\"@id\":\"https:\\\/\\\/msig-europe.be\\\/fr\\\/reclamations\\\/#breadcrumb\"},\"inLanguage\":\"fr-BE\",\"potentialAction\":[{\"@type\":\"ReadAction\",\"target\":[\"https:\\\/\\\/msig-europe.be\\\/fr\\\/reclamations\\\/\"]}]},{\"@type\":\"BreadcrumbList\",\"@id\":\"https:\\\/\\\/msig-europe.be\\\/fr\\\/reclamations\\\/#breadcrumb\",\"itemListElement\":[{\"@type\":\"ListItem\",\"position\":1,\"name\":\"Accueil\",\"item\":\"https:\\\/\\\/msig-europe.be\\\/fr\\\/\"},{\"@type\":\"ListItem\",\"position\":2,\"name\":\"R\u00e9clamations\"}]},{\"@type\":\"WebSite\",\"@id\":\"https:\\\/\\\/msig-europe.be\\\/fr\\\/#website\",\"url\":\"https:\\\/\\\/msig-europe.be\\\/fr\\\/\",\"name\":\"MSIG Europe\",\"description\":\"Building trust together\",\"publisher\":{\"@id\":\"https:\\\/\\\/msig-europe.be\\\/fr\\\/#organization\"},\"alternateName\":\"MSIG Europe\",\"potentialAction\":[{\"@type\":\"SearchAction\",\"target\":{\"@type\":\"EntryPoint\",\"urlTemplate\":\"https:\\\/\\\/msig-europe.be\\\/fr\\\/?s={search_term_string}\"},\"query-input\":{\"@type\":\"PropertyValueSpecification\",\"valueRequired\":true,\"valueName\":\"search_term_string\"}}],\"inLanguage\":\"fr-BE\"},{\"@type\":\"Organization\",\"@id\":\"https:\\\/\\\/msig-europe.be\\\/fr\\\/#organization\",\"name\":\"MSIG Europe\",\"alternateName\":\"MSIG Europe\",\"url\":\"https:\\\/\\\/msig-europe.be\\\/fr\\\/\",\"logo\":{\"@type\":\"ImageObject\",\"inLanguage\":\"fr-BE\",\"@id\":\"https:\\\/\\\/msig-europe.be\\\/fr\\\/#\\\/schema\\\/logo\\\/image\\\/\",\"url\":\"https:\\\/\\\/msig-europe.be\\\/fr\\\/wp-content\\\/uploads\\\/sites\\\/4\\\/2025\\\/06\\\/MSIG_Europe_standard_CMYK_png-scaled.png\",\"contentUrl\":\"https:\\\/\\\/msig-europe.be\\\/fr\\\/wp-content\\\/uploads\\\/sites\\\/4\\\/2025\\\/06\\\/MSIG_Europe_standard_CMYK_png-scaled.png\",\"width\":2560,\"height\":1017,\"caption\":\"MSIG Europe\"},\"image\":{\"@id\":\"https:\\\/\\\/msig-europe.be\\\/fr\\\/#\\\/schema\\\/logo\\\/image\\\/\"}}]}<\/script>\n<!-- \/ Yoast SEO plugin. -->","yoast_head_json":{"title":"Introduire une plainte chez MSIG Europe","description":"Vous souhaitez introduire une plainte chez MSIG Europe ? Suivez notre proc\u00e9dure simple et b\u00e9n\u00e9ficiez d'une assistance compl\u00e8te.","robots":{"index":"index","follow":"follow","max-snippet":"max-snippet:-1","max-image-preview":"max-image-preview:large","max-video-preview":"max-video-preview:-1"},"canonical":"https:\/\/msig-europe.be\/fr\/reclamations\/","og_locale":"fr_FR","og_type":"article","og_title":"Introduire une plainte chez MSIG Europe","og_description":"Vous souhaitez introduire une plainte chez MSIG Europe ? Suivez notre proc\u00e9dure simple et b\u00e9n\u00e9ficiez d'une assistance compl\u00e8te.","og_url":"https:\/\/msig-europe.be\/fr\/reclamations\/","og_site_name":"MSIG Europe","article_modified_time":"2025-07-23T14:14:05+00:00","og_image":[{"width":1920,"height":1080,"url":"https:\/\/msig-europe.be\/fr\/wp-content\/uploads\/sites\/4\/2025\/06\/Standard-image.webp","type":"image\/webp"}],"twitter_card":"summary_large_image","twitter_misc":{"Dur\u00e9e de lecture est.":"2 minutes"},"schema":{"@context":"https:\/\/schema.org","@graph":[{"@type":"WebPage","@id":"https:\/\/msig-europe.be\/fr\/reclamations\/","url":"https:\/\/msig-europe.be\/fr\/reclamations\/","name":"Introduire une plainte chez MSIG Europe","isPartOf":{"@id":"https:\/\/msig-europe.be\/fr\/#website"},"datePublished":"2023-11-23T17:46:15+00:00","dateModified":"2025-07-23T14:14:05+00:00","description":"Vous souhaitez introduire une plainte chez MSIG Europe ? Suivez notre proc\u00e9dure simple et b\u00e9n\u00e9ficiez d'une assistance compl\u00e8te.","breadcrumb":{"@id":"https:\/\/msig-europe.be\/fr\/reclamations\/#breadcrumb"},"inLanguage":"fr-BE","potentialAction":[{"@type":"ReadAction","target":["https:\/\/msig-europe.be\/fr\/reclamations\/"]}]},{"@type":"BreadcrumbList","@id":"https:\/\/msig-europe.be\/fr\/reclamations\/#breadcrumb","itemListElement":[{"@type":"ListItem","position":1,"name":"Accueil","item":"https:\/\/msig-europe.be\/fr\/"},{"@type":"ListItem","position":2,"name":"R\u00e9clamations"}]},{"@type":"WebSite","@id":"https:\/\/msig-europe.be\/fr\/#website","url":"https:\/\/msig-europe.be\/fr\/","name":"MSIG Europe","description":"Building trust together","publisher":{"@id":"https:\/\/msig-europe.be\/fr\/#organization"},"alternateName":"MSIG Europe","potentialAction":[{"@type":"SearchAction","target":{"@type":"EntryPoint","urlTemplate":"https:\/\/msig-europe.be\/fr\/?s={search_term_string}"},"query-input":{"@type":"PropertyValueSpecification","valueRequired":true,"valueName":"search_term_string"}}],"inLanguage":"fr-BE"},{"@type":"Organization","@id":"https:\/\/msig-europe.be\/fr\/#organization","name":"MSIG Europe","alternateName":"MSIG Europe","url":"https:\/\/msig-europe.be\/fr\/","logo":{"@type":"ImageObject","inLanguage":"fr-BE","@id":"https:\/\/msig-europe.be\/fr\/#\/schema\/logo\/image\/","url":"https:\/\/msig-europe.be\/fr\/wp-content\/uploads\/sites\/4\/2025\/06\/MSIG_Europe_standard_CMYK_png-scaled.png","contentUrl":"https:\/\/msig-europe.be\/fr\/wp-content\/uploads\/sites\/4\/2025\/06\/MSIG_Europe_standard_CMYK_png-scaled.png","width":2560,"height":1017,"caption":"MSIG Europe"},"image":{"@id":"https:\/\/msig-europe.be\/fr\/#\/schema\/logo\/image\/"}}]}},"distributor_meta":false,"distributor_terms":false,"distributor_media":false,"distributor_original_site_name":"MSIG Europe","distributor_original_site_url":"https:\/\/msig-europe.be\/fr","push-errors":false,"_links":{"self":[{"href":"https:\/\/msig-europe.be\/fr\/wp-json\/wp\/v2\/pages\/28","targetHints":{"allow":["GET"]}}],"collection":[{"href":"https:\/\/msig-europe.be\/fr\/wp-json\/wp\/v2\/pages"}],"about":[{"href":"https:\/\/msig-europe.be\/fr\/wp-json\/wp\/v2\/types\/page"}],"author":[{"embeddable":true,"href":"https:\/\/msig-europe.be\/fr\/wp-json\/wp\/v2\/users\/3"}],"replies":[{"embeddable":true,"href":"https:\/\/msig-europe.be\/fr\/wp-json\/wp\/v2\/comments?post=28"}],"version-history":[{"count":8,"href":"https:\/\/msig-europe.be\/fr\/wp-json\/wp\/v2\/pages\/28\/revisions"}],"predecessor-version":[{"id":1331,"href":"https:\/\/msig-europe.be\/fr\/wp-json\/wp\/v2\/pages\/28\/revisions\/1331"}],"wp:attachment":[{"href":"https:\/\/msig-europe.be\/fr\/wp-json\/wp\/v2\/media?parent=28"}],"curies":[{"name":"wp","href":"https:\/\/api.w.org\/{rel}","templated":true}]}}