{"id":29,"date":"2023-11-21T15:57:27","date_gmt":"2023-11-21T14:57:27","guid":{"rendered":"https:\/\/msig-europe.be\/fr\/?page_id=29"},"modified":"2025-06-13T10:39:36","modified_gmt":"2025-06-13T08:39:36","slug":"nous-contacter","status":"publish","type":"page","link":"https:\/\/msig-europe.be\/fr\/nous-contacter\/","title":{"rendered":"Nous contacter"},"content":{"rendered":"\n\t<div data-name=\"acf\/block-hero\" class=\"alignwide\" >\n\t\t<div data-component=\"hero-image-square\" class=\"flex flex-col gap-8 mt-8 break-words lg:gap-12 xl:gap-44 lg:items-center lg:flex-row lg:mb-12 text-zoom-md:flex-col\">\n\t<div class=\"lg:max-w-[38.75rem]\">\n\t\t<div\n\t\t\tdata-module=\"animate\"\n\t\t\tclass=\"duration-300 translate-y-6 opacity-0\"\n\t\t\tdata-animate-classes=\"[&quot;opacity-100!&quot;,&quot;translate-y-0!&quot;]\"\n\t\t\tdata-animate-after=\"100\"\n\t\t>\n\t\t\t<h1 class=\"mb-3 text-xl font-normal sm:text-2xl lg:text-3xl md:mb-6 font-heading\">Nous contacter<\/h1>\n\t\t<\/div>\n\n\t\t\t<\/div>\n\n\t<div class=\"mx-auto lg:mt-8 lg:order-first xl:shrink-0 lg:mx-0 xl:ml-12\">\n\t\t<div class=\"max-w-[25rem]\">\n\t\t\t<div class=\"relative\">\n\t<div\n\t\tdata-module=\"animate\"\n\t\tdata-animate-classes=\"[&quot;opacity-100!&quot;,&quot;scale-100!&quot;]\"\n\t\tclass=\"relative p-10 duration-500 scale-75 opacity-0 image:aspect-square image:rounded-full image:w-full image:h-full image:object-cover\"\n\t>\n\t\t<img fetchpriority=\"high\" decoding=\"async\" width=\"990\" height=\"990\" src=\"https:\/\/msig-europe.be\/fr\/wp-content\/uploads\/sites\/4\/2023\/12\/WomenWithHeadset-990x990.webp\" class=\"attachment-large-square size-large-square\" alt=\"\" loading=\"eager\" sizes=\"(max-width: 1023px) 320px, 600px\" srcset=\"https:\/\/msig-europe.be\/fr\/wp-content\/uploads\/sites\/4\/2023\/12\/WomenWithHeadset-990x990.webp 990w, https:\/\/msig-europe.be\/fr\/wp-content\/uploads\/sites\/4\/2023\/12\/WomenWithHeadset-150x150.webp 150w, https:\/\/msig-europe.be\/fr\/wp-content\/uploads\/sites\/4\/2023\/12\/WomenWithHeadset-495x495.webp 495w\" \/>\n\t<\/div>\n\t<img\n\t\tdata-module=\"animate\"\n\t\tdata-animate-classes=\"[&quot;rotate-0!&quot;]\"\n\t\tclass=\"absolute inset-0 object-cover w-full h-full duration-500 -rotate-12 z-[1]\"\n\t\tsrc=\"https:\/\/msig-europe.be\/fr\/wp-content\/themes\/msig-europe\/public\/svg\/hero-shape.svg\"\n\t\twidth=\"630\"\n\t\theight=\"630\"\n\t\talt=\"\"\n\t\/>\n<\/div>\n\t\t<\/div>\n\t<\/div>\n<\/div>\n\t<\/div>\n\n\n\n<p><\/p>\n\n\n\n<p>MSIG Europe SE<br>Boulevard du Roi Albert II 37,<br>1030 Bruxelles,<br>Belgique<\/p>\n\n\n\n<p><strong>T:<\/strong>&nbsp;+<a href=\"tel:+3228947000\">32 (0)2 894 70 00<\/a><\/p>\n","protected":false},"excerpt":{"rendered":"<p>MSIG Europe SEBoulevard du Roi Albert II 37,1030 Bruxelles,Belgique T:&nbsp;+32 (0)2 894 70 00<\/p>\n","protected":false},"author":3,"featured_media":0,"parent":0,"menu_order":0,"comment_status":"closed","ping_status":"closed","template":"","meta":{"_acf_changed":false,"editor_notices":[],"footnotes":""},"class_list":["post-29","page","type-page","status-publish","hentry"],"acf":[],"yoast_head":"<!-- This site is optimized with the Yoast SEO plugin v27.3 - https:\/\/yoast.com\/product\/yoast-seo-wordpress\/ -->\n<title>Contacter Ms Amlin<\/title>\n<meta name=\"description\" content=\"Contactez votre courtier ou posez vos questions sp\u00e9cifiques \u00e0 MS Amlin. Retrouvez ici toutes nos coordonn\u00e9es pour nous joindre facilement.\" \/>\n<meta name=\"robots\" content=\"index, follow, max-snippet:-1, max-image-preview:large, max-video-preview:-1\" \/>\n<link rel=\"canonical\" href=\"https:\/\/msig-europe.be\/fr\/nous-contacter\/\" \/>\n<meta property=\"og:locale\" content=\"fr_FR\" \/>\n<meta property=\"og:type\" content=\"article\" \/>\n<meta property=\"og:title\" content=\"Contacter Ms Amlin\" \/>\n<meta property=\"og:description\" content=\"Contactez votre courtier ou posez vos questions sp\u00e9cifiques \u00e0 MS Amlin. Retrouvez ici toutes nos coordonn\u00e9es pour nous joindre facilement.\" \/>\n<meta property=\"og:url\" content=\"https:\/\/msig-europe.be\/fr\/nous-contacter\/\" \/>\n<meta property=\"og:site_name\" content=\"MSIG Europe\" \/>\n<meta property=\"article:modified_time\" content=\"2025-06-13T08:39:36+00:00\" \/>\n<meta property=\"og:image\" content=\"https:\/\/msig-europe.be\/fr\/wp-content\/uploads\/sites\/4\/2025\/06\/Standard-image.webp\" \/>\n\t<meta property=\"og:image:width\" content=\"1920\" \/>\n\t<meta property=\"og:image:height\" content=\"1080\" \/>\n\t<meta property=\"og:image:type\" content=\"image\/webp\" \/>\n<meta name=\"twitter:card\" content=\"summary_large_image\" \/>\n<meta name=\"twitter:label1\" content=\"Dur\u00e9e de lecture est.\" \/>\n\t<meta name=\"twitter:data1\" content=\"1 minute\" \/>\n<script type=\"application\/ld+json\" class=\"yoast-schema-graph\">{\"@context\":\"https:\\\/\\\/schema.org\",\"@graph\":[{\"@type\":\"WebPage\",\"@id\":\"https:\\\/\\\/msig-europe.be\\\/fr\\\/nous-contacter\\\/\",\"url\":\"https:\\\/\\\/msig-europe.be\\\/fr\\\/nous-contacter\\\/\",\"name\":\"Contacter Ms Amlin\",\"isPartOf\":{\"@id\":\"https:\\\/\\\/msig-europe.be\\\/fr\\\/#website\"},\"datePublished\":\"2023-11-21T14:57:27+00:00\",\"dateModified\":\"2025-06-13T08:39:36+00:00\",\"description\":\"Contactez votre courtier ou posez vos questions sp\u00e9cifiques \u00e0 MS Amlin. Retrouvez ici toutes nos coordonn\u00e9es pour nous joindre facilement.\",\"breadcrumb\":{\"@id\":\"https:\\\/\\\/msig-europe.be\\\/fr\\\/nous-contacter\\\/#breadcrumb\"},\"inLanguage\":\"fr-BE\",\"potentialAction\":[{\"@type\":\"ReadAction\",\"target\":[\"https:\\\/\\\/msig-europe.be\\\/fr\\\/nous-contacter\\\/\"]}]},{\"@type\":\"BreadcrumbList\",\"@id\":\"https:\\\/\\\/msig-europe.be\\\/fr\\\/nous-contacter\\\/#breadcrumb\",\"itemListElement\":[{\"@type\":\"ListItem\",\"position\":1,\"name\":\"Accueil\",\"item\":\"https:\\\/\\\/msig-europe.be\\\/fr\\\/\"},{\"@type\":\"ListItem\",\"position\":2,\"name\":\"Nous contacter\"}]},{\"@type\":\"WebSite\",\"@id\":\"https:\\\/\\\/msig-europe.be\\\/fr\\\/#website\",\"url\":\"https:\\\/\\\/msig-europe.be\\\/fr\\\/\",\"name\":\"MSIG Europe\",\"description\":\"Building trust together\",\"publisher\":{\"@id\":\"https:\\\/\\\/msig-europe.be\\\/fr\\\/#organization\"},\"alternateName\":\"MSIG Europe\",\"potentialAction\":[{\"@type\":\"SearchAction\",\"target\":{\"@type\":\"EntryPoint\",\"urlTemplate\":\"https:\\\/\\\/msig-europe.be\\\/fr\\\/?s={search_term_string}\"},\"query-input\":{\"@type\":\"PropertyValueSpecification\",\"valueRequired\":true,\"valueName\":\"search_term_string\"}}],\"inLanguage\":\"fr-BE\"},{\"@type\":\"Organization\",\"@id\":\"https:\\\/\\\/msig-europe.be\\\/fr\\\/#organization\",\"name\":\"MSIG Europe\",\"alternateName\":\"MSIG Europe\",\"url\":\"https:\\\/\\\/msig-europe.be\\\/fr\\\/\",\"logo\":{\"@type\":\"ImageObject\",\"inLanguage\":\"fr-BE\",\"@id\":\"https:\\\/\\\/msig-europe.be\\\/fr\\\/#\\\/schema\\\/logo\\\/image\\\/\",\"url\":\"https:\\\/\\\/msig-europe.be\\\/fr\\\/wp-content\\\/uploads\\\/sites\\\/4\\\/2025\\\/06\\\/MSIG_Europe_standard_CMYK_png-scaled.png\",\"contentUrl\":\"https:\\\/\\\/msig-europe.be\\\/fr\\\/wp-content\\\/uploads\\\/sites\\\/4\\\/2025\\\/06\\\/MSIG_Europe_standard_CMYK_png-scaled.png\",\"width\":2560,\"height\":1017,\"caption\":\"MSIG Europe\"},\"image\":{\"@id\":\"https:\\\/\\\/msig-europe.be\\\/fr\\\/#\\\/schema\\\/logo\\\/image\\\/\"}}]}<\/script>\n<!-- \/ Yoast SEO plugin. -->","yoast_head_json":{"title":"Contacter Ms Amlin","description":"Contactez votre courtier ou posez vos questions sp\u00e9cifiques \u00e0 MS Amlin. Retrouvez ici toutes nos coordonn\u00e9es pour nous joindre facilement.","robots":{"index":"index","follow":"follow","max-snippet":"max-snippet:-1","max-image-preview":"max-image-preview:large","max-video-preview":"max-video-preview:-1"},"canonical":"https:\/\/msig-europe.be\/fr\/nous-contacter\/","og_locale":"fr_FR","og_type":"article","og_title":"Contacter Ms Amlin","og_description":"Contactez votre courtier ou posez vos questions sp\u00e9cifiques \u00e0 MS Amlin. Retrouvez ici toutes nos coordonn\u00e9es pour nous joindre facilement.","og_url":"https:\/\/msig-europe.be\/fr\/nous-contacter\/","og_site_name":"MSIG Europe","article_modified_time":"2025-06-13T08:39:36+00:00","og_image":[{"width":1920,"height":1080,"url":"https:\/\/msig-europe.be\/fr\/wp-content\/uploads\/sites\/4\/2025\/06\/Standard-image.webp","type":"image\/webp"}],"twitter_card":"summary_large_image","twitter_misc":{"Dur\u00e9e de lecture est.":"1 minute"},"schema":{"@context":"https:\/\/schema.org","@graph":[{"@type":"WebPage","@id":"https:\/\/msig-europe.be\/fr\/nous-contacter\/","url":"https:\/\/msig-europe.be\/fr\/nous-contacter\/","name":"Contacter Ms Amlin","isPartOf":{"@id":"https:\/\/msig-europe.be\/fr\/#website"},"datePublished":"2023-11-21T14:57:27+00:00","dateModified":"2025-06-13T08:39:36+00:00","description":"Contactez votre courtier ou posez vos questions sp\u00e9cifiques \u00e0 MS Amlin. Retrouvez ici toutes nos coordonn\u00e9es pour nous joindre facilement.","breadcrumb":{"@id":"https:\/\/msig-europe.be\/fr\/nous-contacter\/#breadcrumb"},"inLanguage":"fr-BE","potentialAction":[{"@type":"ReadAction","target":["https:\/\/msig-europe.be\/fr\/nous-contacter\/"]}]},{"@type":"BreadcrumbList","@id":"https:\/\/msig-europe.be\/fr\/nous-contacter\/#breadcrumb","itemListElement":[{"@type":"ListItem","position":1,"name":"Accueil","item":"https:\/\/msig-europe.be\/fr\/"},{"@type":"ListItem","position":2,"name":"Nous contacter"}]},{"@type":"WebSite","@id":"https:\/\/msig-europe.be\/fr\/#website","url":"https:\/\/msig-europe.be\/fr\/","name":"MSIG Europe","description":"Building trust together","publisher":{"@id":"https:\/\/msig-europe.be\/fr\/#organization"},"alternateName":"MSIG Europe","potentialAction":[{"@type":"SearchAction","target":{"@type":"EntryPoint","urlTemplate":"https:\/\/msig-europe.be\/fr\/?s={search_term_string}"},"query-input":{"@type":"PropertyValueSpecification","valueRequired":true,"valueName":"search_term_string"}}],"inLanguage":"fr-BE"},{"@type":"Organization","@id":"https:\/\/msig-europe.be\/fr\/#organization","name":"MSIG Europe","alternateName":"MSIG Europe","url":"https:\/\/msig-europe.be\/fr\/","logo":{"@type":"ImageObject","inLanguage":"fr-BE","@id":"https:\/\/msig-europe.be\/fr\/#\/schema\/logo\/image\/","url":"https:\/\/msig-europe.be\/fr\/wp-content\/uploads\/sites\/4\/2025\/06\/MSIG_Europe_standard_CMYK_png-scaled.png","contentUrl":"https:\/\/msig-europe.be\/fr\/wp-content\/uploads\/sites\/4\/2025\/06\/MSIG_Europe_standard_CMYK_png-scaled.png","width":2560,"height":1017,"caption":"MSIG Europe"},"image":{"@id":"https:\/\/msig-europe.be\/fr\/#\/schema\/logo\/image\/"}}]}},"distributor_meta":false,"distributor_terms":false,"distributor_media":false,"distributor_original_site_name":"MSIG Europe","distributor_original_site_url":"https:\/\/msig-europe.be\/fr","push-errors":false,"_links":{"self":[{"href":"https:\/\/msig-europe.be\/fr\/wp-json\/wp\/v2\/pages\/29","targetHints":{"allow":["GET"]}}],"collection":[{"href":"https:\/\/msig-europe.be\/fr\/wp-json\/wp\/v2\/pages"}],"about":[{"href":"https:\/\/msig-europe.be\/fr\/wp-json\/wp\/v2\/types\/page"}],"author":[{"embeddable":true,"href":"https:\/\/msig-europe.be\/fr\/wp-json\/wp\/v2\/users\/3"}],"replies":[{"embeddable":true,"href":"https:\/\/msig-europe.be\/fr\/wp-json\/wp\/v2\/comments?post=29"}],"version-history":[{"count":8,"href":"https:\/\/msig-europe.be\/fr\/wp-json\/wp\/v2\/pages\/29\/revisions"}],"predecessor-version":[{"id":1288,"href":"https:\/\/msig-europe.be\/fr\/wp-json\/wp\/v2\/pages\/29\/revisions\/1288"}],"wp:attachment":[{"href":"https:\/\/msig-europe.be\/fr\/wp-json\/wp\/v2\/media?parent=29"}],"curies":[{"name":"wp","href":"https:\/\/api.w.org\/{rel}","templated":true}]}}