{"id":39,"date":"2023-11-23T18:44:10","date_gmt":"2023-11-23T17:44:10","guid":{"rendered":"https:\/\/msig-europe.be\/fr\/?page_id=39"},"modified":"2025-06-18T11:51:33","modified_gmt":"2025-06-18T09:51:33","slug":"conditions-generales-dutilisation","status":"publish","type":"page","link":"https:\/\/msig-europe.be\/fr\/conditions-generales-dutilisation\/","title":{"rendered":"Conditions g\u00e9n\u00e9rales d\u2019utilisation"},"content":{"rendered":"\n<h2 class=\"wp-block-heading\">Introduction<\/h2>\n\n\n\n<p>Bienvenue sur les sites web et plateformes de MSIG Europe SE (collectivement, les \u00ab&nbsp;sites MSIG Europe&nbsp;\u00bb). Les pr\u00e9sentes conditions g\u00e9n\u00e9rales r\u00e9gissent votre utilisation des sites MSIG Europe.<\/p>\n\n\n\n<h2 class=\"wp-block-heading\">Acceptation des conditions<\/h2>\n\n\n\n<p>En acc\u00e9dant aux sites de MSIG Europe ou en les utilisant, vous acceptez les pr\u00e9sentes conditions g\u00e9n\u00e9rales, ainsi que toutes les lois et r\u00e9glementations applicables. Si vous ne les acceptez pas, veuillez vous abstenir d\u2019utiliser les sites MSIG Europe.<\/p>\n\n\n\n<p>MSIG Europe se r\u00e9serve le droit de modifier les conditions d\u2019utilisation des sites MSIG Europe \u00e0 tout moment et sans pr\u00e9avis. La poursuite de l\u2019utilisation des sites de MSIG Europe sera consid\u00e9r\u00e9e comme une acceptation des conditions modifi\u00e9es.<\/p>\n\n\n\n<h2 class=\"wp-block-heading\">Modifications des conditions<\/h2>\n\n\n\n<p>Nous nous r\u00e9servons le droit de modifier les pr\u00e9sentes conditions \u00e0 tout moment. Veuillez les consulter r\u00e9guli\u00e8rement pour prendre connaissance des changements. Si vous continuez \u00e0 utiliser le site apr\u00e8s des modifications, vous acceptez les nouvelles conditions.<\/p>\n\n\n\n<h2 class=\"wp-block-heading\">Vie priv\u00e9e et cookies<\/h2>\n\n\n\n<p>La protection de votre vie priv\u00e9e est notre priorit\u00e9. Pour plus de d\u00e9tails sur le traitement des donn\u00e9es, veuillez consulter notre politique de confidentialit\u00e9 et notre politique en mati\u00e8re de cookies.<\/p>\n\n\n\n<h2 class=\"wp-block-heading\">Utilisation internationale<\/h2>\n\n\n\n<p>Nous ne d\u00e9clarons pas que le mat\u00e9riel contenu sur les sites de MSIG Europe est appropri\u00e9 ou disponible pour une utilisation en dehors de la Belgique, des Pays-Bas, de la France ou du Royaume-Uni. Il est interdit d\u2019acc\u00e9der \u00e0 notre site web \u00e0 partir de territoires o\u00f9 son contenu est ill\u00e9gal ou illicite. Si vous choisissez d\u2019acc\u00e9der aux sites de MSIG Europe \u00e0 partir d\u2019endroits situ\u00e9s en dehors de ces pays, vous le faites de votre propre initiative et il vous incombe de respecter les lois locales.<\/p>\n\n\n\n<h2 class=\"wp-block-heading\">Acc\u00e8s \u00e0 notre site web<\/h2>\n\n\n\n<p>Nous nous r\u00e9servons le droit de modifier, d\u2019interrompre, d\u2019arr\u00eater ou de limiter l\u2019acc\u00e8s au contenu des sites MSIG Europe \u00e0 tout moment et sans notification pr\u00e9alable \u00e0 l\u2019utilisateur.<\/p>\n\n\n\n<p>En raison de la nature de l\u2019internet, nous ne pouvons pas garantir la s\u00e9curit\u00e9 totale des informations envoy\u00e9es en ligne, l\u2019absence de virus ou d\u2019autres \u00e9l\u00e9ments nuisibles sur ce site ou dans les liens de ce site vers d\u2019autres sites, et nous ne pouvons pas non plus \u00eatre responsables des probl\u00e8mes techniques que vous pourriez rencontrer sur les sites de MSIG Europe. Nous d\u00e9clinons toute responsabilit\u00e9 \u00e0 cet \u00e9gard.<\/p>\n\n\n\n<p>Pour les questions techniques, veuillez nous contacter via notre site web.<\/p>\n\n\n\n<h2 class=\"wp-block-heading\">Droits de propri\u00e9t\u00e9 intellectuelle<\/h2>\n\n\n\n<p>Le contenu des sites MSIG Europe, y compris les logos, la pr\u00e9sentation, les ic\u00f4nes, les images, les photographies, les films, les clips audio, les calculs, les plans, les t\u00e9l\u00e9chargements num\u00e9riques et les logiciels, est prot\u00e9g\u00e9 par les lois sur la propri\u00e9t\u00e9 intellectuelle et reste notre propri\u00e9t\u00e9 exclusive.<\/p>\n\n\n\n<p>Vous vous engagez \u00e0 garder ces \u00e9l\u00e9ments confidentiels et \u00e0 ne pas les distribuer ou les rendre publics, sous peine de dommages et int\u00e9r\u00eats et de r\u00e9siliation de votre droit d\u2019acc\u00e8s. Nous ne sommes pas responsables des dommages r\u00e9sultant d\u2019une utilisation ou d\u2019une diffusion non autoris\u00e9e.<\/p>\n\n\n\n<h2 class=\"wp-block-heading\">Hyperliens<\/h2>\n\n\n\n<p>La cr\u00e9ation d\u2019hyperliens vers les sites de MSIG Europe n\u00e9cessite notre accord \u00e9crit pr\u00e9alable. Nous ne sommes pas responsables du contenu des sites tiers li\u00e9s \u00e0 nos sites.<\/p>\n\n\n\n<h2 class=\"wp-block-heading\">Comportement de l\u2019utilisateur<\/h2>\n\n\n\n<p>Les utilisateurs ne doivent pas publier ou transmettre de contenu ill\u00e9gal ou pr\u00e9judiciable sur les sites MSIG Europe. Toute infraction peut donner lieu \u00e0 des poursuites judiciaires.<\/p>\n\n\n\n<h2 class=\"wp-block-heading\">Clause de non-responsabilit\u00e9<\/h2>\n\n\n\n<p>Nous nous effor\u00e7ons d\u2019assurer l\u2019exactitude et l\u2019actualit\u00e9 des informations figurant sur les sites MSIG Europe, mais nous ne pouvons en garantir l\u2019exhaustivit\u00e9 ou la fiabilit\u00e9. Nous ne sommes pas responsables des erreurs, des omissions ou des dommages qui en r\u00e9sulteraient.<\/p>\n\n\n\n<p>Le contenu des sites MSIG Europe est fourni \u00e0 titre d\u2019information g\u00e9n\u00e9rale uniquement et n\u2019est pas destin\u00e9 \u00e0 constituer un conseil sur lequel vous devriez vous appuyer. Vous devez demander l\u2019avis d\u2019un professionnel ou d\u2019un sp\u00e9cialiste avant d\u2019agir ou de vous abstenir d\u2019agir sur la base de tout contenu des sites MSIG Europe. Lorsqu\u2019il est fait r\u00e9f\u00e9rence sur les sites MSIG Europe \u00e0 des titres ou \u00e0 d\u2019autres investissements ou produits financiers, aucune offre de ces titres ou autres investissements ou produits financiers n\u2019est faite par le site MSIG Europe concern\u00e9. Veuillez noter que les performances pass\u00e9es ne pr\u00e9jugent pas des performances futures et qu\u2019il ne faut pas s\u2019y fier pour prendre une d\u00e9cision d\u2019investissement.<\/p>\n\n\n\n<p>Vous \u00eates responsable de la s\u00e9curit\u00e9 de toutes les donn\u00e9es que vous transmettez \u00e0 notre site web ou \u00e0 partir de celui-ci. Nous ne sommes pas responsables des pertes ou dommages caus\u00e9s directement ou indirectement par l\u2019utilisation de notre site web ou des informations qu\u2019il contient. Nous d\u00e9clinons toute condition, garantie ou autre terme, qu\u2019il soit explicite ou implicite en vertu d\u2019une loi, d\u2019une coutume ou d\u2019un usage, en ce qui concerne les informations contenues ou omises dans le service offert par le biais de notre site web.<\/p>\n\n\n\n<h2 class=\"wp-block-heading\">Limitation de la responsabilit\u00e9<\/h2>\n\n\n\n<p>Nous ne serons pas responsables des dommages directs, indirects, accessoires, sp\u00e9ciaux ou cons\u00e9cutifs, ni des pertes de profits ou d\u2019opportunit\u00e9s, qu\u2019ils soient contractuels, d\u00e9lictuels ou autres, d\u00e9coulant de l\u2019utilisation de notre site web ou des informations qu\u2019il contient, de l\u2019impossibilit\u00e9 d\u2019utiliser notre site web, de l\u2019acc\u00e8s non autoris\u00e9 \u00e0 vos transmissions ou donn\u00e9es ou de leur modification, ou des services de tiers \u00e9chappant \u00e0 notre contr\u00f4le raisonnable (y compris, mais sans s\u2019y limiter, les services de t\u00e9l\u00e9phonie et de navigation), que ces services soient utilis\u00e9s par vous pour acc\u00e9der \u00e0 notre site web ou que nous les utilisions pour nous conformer \u00e0 vos instructions. Pour \u00e9viter toute ambigu\u00eft\u00e9, cette disposition s\u2019applique que la perte ou le dommage soit ou non caus\u00e9 par notre n\u00e9gligence.<\/p>\n\n\n\n<p>Aucune disposition des pr\u00e9sentes conditions n\u2019exclut notre responsabilit\u00e9 \u00e0 votre \u00e9gard en cas de d\u00e9claration frauduleuse ou de dommages corporels ou de d\u00e9c\u00e8s caus\u00e9s par notre n\u00e9gligence.<\/p>\n\n\n\n<h2 class=\"wp-block-heading\">Indemnisation<\/h2>\n\n\n\n<p>Vous pouvez \u00eatre tenu responsable de toute perte que nous subissons en raison de votre utilisation de notre site web ou de la violation des pr\u00e9sentes conditions.<\/p>\n\n\n\n<h2 class=\"wp-block-heading\">Divers<\/h2>\n\n\n\n<p>Si une partie des pr\u00e9sentes conditions est jug\u00e9e invalide ou inapplicable, le reste demeure en vigueur. Nous pouvons c\u00e9der nos droits en vertu des pr\u00e9sentes conditions sans que cela n\u2019affecte vos droits.<\/p>\n\n\n\n<h2 class=\"wp-block-heading\">Droit applicable<\/h2>\n\n\n\n<p>Les pr\u00e9sentes conditions sont r\u00e9gies par le droit belge. Les litiges d\u00e9coulant des pr\u00e9sentes conditions rel\u00e8vent de la comp\u00e9tence exclusive des tribunaux belges.<\/p>\n\n\n\n<h2 class=\"wp-block-heading\">Informations sur l\u2019entreprise<\/h2>\n\n\n\n<p>MSIG Europe SE (MSIG Europe) est une compagnie d\u2019assurance agr\u00e9\u00e9e par la Banque nationale de Belgique (BNB) sous le num\u00e9ro 3092. Si\u00e8ge social : Boulevard du Roi -II 37, 1030 Bruxelles, Belgique.<\/p>\n\n\n\n<p>MSIG Europe poss\u00e8de des succursales dans :<\/p>\n\n\n\n<ul class=\"wp-block-list\">\n<li><strong>Belgium<\/strong> &#8211; MSIG Europe SE, Koning AlbertII laan 37, 1030 Schaarbeek, Belgium \u2013 KBO 0644.921.425<\/li>\n\n\n\n<li><strong>France<\/strong> \u2013 MSIG Europe SE, 22 Rue Georges Picquart, 75017 Paris, France \u2013 RCS Paris 815 053 483<\/li>\n\n\n\n<li><strong>Germany<\/strong> &#8211; MSIG Europe SE, An den Dominikanern, 50668 Cologne, North Rhine-Westphalia Germany<\/li>\n\n\n\n<li><strong>Italy<\/strong> &#8211; MSIG Europe SE, 1st Floor Foro Buonaparte 63, 20121 Milan, Lombardy Italy<\/li>\n\n\n\n<li><strong>Slovakia<\/strong> &#8211; MSIG Europe SE, \u0160t\u00farova 23\/11, 811 02 Bratislava, Region of Bratislava Slovakia<\/li>\n\n\n\n<li><strong>Spain<\/strong> &#8211; MSIG Europe SE, Calle Orense 34, Planta 6 \u2013 Torre Sur, 28020 Madrid Spain<\/li>\n\n\n\n<li><strong>The Netherlands<\/strong> \u2013 MSIG Europe SE, Van Heuven Goedhartlaan 939, 1181LD Amstelveen, The Netherlands \u2013 kvk nr. 64815323<\/li>\n\n\n\n<li><strong>United Kingdom<\/strong> \u2013 MSIG Europe SE, The Leadenhall Building, 122 Leadenhall Street, London EC3V 4AG, United Kingdom, companies house nr. FC038781<\/li>\n<\/ul>\n","protected":false},"excerpt":{"rendered":"<p>Introduction Bienvenue sur les sites web et plateformes de MSIG Europe SE (collectivement, les \u00ab&nbsp;sites MSIG Europe&nbsp;\u00bb). Les pr\u00e9sentes conditions g\u00e9n\u00e9rales r\u00e9gissent votre utilisation des sites MSIG Europe. Acceptation des conditions En acc\u00e9dant aux sites de MSIG Europe ou en les utilisant, vous acceptez les pr\u00e9sentes conditions g\u00e9n\u00e9rales, ainsi que toutes les lois et r\u00e9glementations [&hellip;]<\/p>\n","protected":false},"author":3,"featured_media":0,"parent":0,"menu_order":0,"comment_status":"closed","ping_status":"closed","template":"","meta":{"_acf_changed":false,"editor_notices":[],"footnotes":""},"class_list":["post-39","page","type-page","status-publish","hentry"],"acf":[],"yoast_head":"<!-- This site is optimized with the Yoast SEO plugin v27.3 - https:\/\/yoast.com\/product\/yoast-seo-wordpress\/ -->\n<title>Conditions g\u00e9n\u00e9rales d\u2019utilisation - MSIG Europe<\/title>\n<meta name=\"robots\" content=\"index, follow, max-snippet:-1, max-image-preview:large, max-video-preview:-1\" \/>\n<link rel=\"canonical\" href=\"https:\/\/msig-europe.be\/fr\/conditions-generales-dutilisation\/\" \/>\n<meta property=\"og:locale\" content=\"fr_FR\" \/>\n<meta property=\"og:type\" content=\"article\" \/>\n<meta property=\"og:title\" content=\"Conditions g\u00e9n\u00e9rales d\u2019utilisation - MSIG Europe\" \/>\n<meta property=\"og:description\" content=\"Introduction Bienvenue sur les sites web et plateformes de MSIG Europe SE (collectivement, les \u00ab&nbsp;sites MSIG Europe&nbsp;\u00bb). Les pr\u00e9sentes conditions g\u00e9n\u00e9rales r\u00e9gissent votre utilisation des sites MSIG Europe. Acceptation des conditions En acc\u00e9dant aux sites de MSIG Europe ou en les utilisant, vous acceptez les pr\u00e9sentes conditions g\u00e9n\u00e9rales, ainsi que toutes les lois et r\u00e9glementations [&hellip;]\" \/>\n<meta property=\"og:url\" content=\"https:\/\/msig-europe.be\/fr\/conditions-generales-dutilisation\/\" \/>\n<meta property=\"og:site_name\" content=\"MSIG Europe\" \/>\n<meta property=\"article:modified_time\" content=\"2025-06-18T09:51:33+00:00\" \/>\n<meta property=\"og:image\" content=\"https:\/\/msig-europe.be\/fr\/wp-content\/uploads\/sites\/4\/2025\/06\/Standard-image.webp\" \/>\n\t<meta property=\"og:image:width\" content=\"1920\" \/>\n\t<meta property=\"og:image:height\" content=\"1080\" \/>\n\t<meta property=\"og:image:type\" content=\"image\/webp\" \/>\n<meta name=\"twitter:card\" content=\"summary_large_image\" \/>\n<meta name=\"twitter:label1\" content=\"Dur\u00e9e de lecture est.\" \/>\n\t<meta name=\"twitter:data1\" content=\"7 minutes\" \/>\n<script type=\"application\/ld+json\" class=\"yoast-schema-graph\">{\"@context\":\"https:\\\/\\\/schema.org\",\"@graph\":[{\"@type\":\"WebPage\",\"@id\":\"https:\\\/\\\/msig-europe.be\\\/fr\\\/conditions-generales-dutilisation\\\/\",\"url\":\"https:\\\/\\\/msig-europe.be\\\/fr\\\/conditions-generales-dutilisation\\\/\",\"name\":\"Conditions g\u00e9n\u00e9rales d\u2019utilisation - MSIG Europe\",\"isPartOf\":{\"@id\":\"https:\\\/\\\/msig-europe.be\\\/fr\\\/#website\"},\"datePublished\":\"2023-11-23T17:44:10+00:00\",\"dateModified\":\"2025-06-18T09:51:33+00:00\",\"breadcrumb\":{\"@id\":\"https:\\\/\\\/msig-europe.be\\\/fr\\\/conditions-generales-dutilisation\\\/#breadcrumb\"},\"inLanguage\":\"fr-BE\",\"potentialAction\":[{\"@type\":\"ReadAction\",\"target\":[\"https:\\\/\\\/msig-europe.be\\\/fr\\\/conditions-generales-dutilisation\\\/\"]}]},{\"@type\":\"BreadcrumbList\",\"@id\":\"https:\\\/\\\/msig-europe.be\\\/fr\\\/conditions-generales-dutilisation\\\/#breadcrumb\",\"itemListElement\":[{\"@type\":\"ListItem\",\"position\":1,\"name\":\"Accueil\",\"item\":\"https:\\\/\\\/msig-europe.be\\\/fr\\\/\"},{\"@type\":\"ListItem\",\"position\":2,\"name\":\"Conditions g\u00e9n\u00e9rales d\u2019utilisation\"}]},{\"@type\":\"WebSite\",\"@id\":\"https:\\\/\\\/msig-europe.be\\\/fr\\\/#website\",\"url\":\"https:\\\/\\\/msig-europe.be\\\/fr\\\/\",\"name\":\"MSIG Europe\",\"description\":\"Building trust together\",\"publisher\":{\"@id\":\"https:\\\/\\\/msig-europe.be\\\/fr\\\/#organization\"},\"alternateName\":\"MSIG Europe\",\"potentialAction\":[{\"@type\":\"SearchAction\",\"target\":{\"@type\":\"EntryPoint\",\"urlTemplate\":\"https:\\\/\\\/msig-europe.be\\\/fr\\\/?s={search_term_string}\"},\"query-input\":{\"@type\":\"PropertyValueSpecification\",\"valueRequired\":true,\"valueName\":\"search_term_string\"}}],\"inLanguage\":\"fr-BE\"},{\"@type\":\"Organization\",\"@id\":\"https:\\\/\\\/msig-europe.be\\\/fr\\\/#organization\",\"name\":\"MSIG Europe\",\"alternateName\":\"MSIG Europe\",\"url\":\"https:\\\/\\\/msig-europe.be\\\/fr\\\/\",\"logo\":{\"@type\":\"ImageObject\",\"inLanguage\":\"fr-BE\",\"@id\":\"https:\\\/\\\/msig-europe.be\\\/fr\\\/#\\\/schema\\\/logo\\\/image\\\/\",\"url\":\"https:\\\/\\\/msig-europe.be\\\/fr\\\/wp-content\\\/uploads\\\/sites\\\/4\\\/2025\\\/06\\\/MSIG_Europe_standard_CMYK_png-scaled.png\",\"contentUrl\":\"https:\\\/\\\/msig-europe.be\\\/fr\\\/wp-content\\\/uploads\\\/sites\\\/4\\\/2025\\\/06\\\/MSIG_Europe_standard_CMYK_png-scaled.png\",\"width\":2560,\"height\":1017,\"caption\":\"MSIG Europe\"},\"image\":{\"@id\":\"https:\\\/\\\/msig-europe.be\\\/fr\\\/#\\\/schema\\\/logo\\\/image\\\/\"}}]}<\/script>\n<!-- \/ Yoast SEO plugin. -->","yoast_head_json":{"title":"Conditions g\u00e9n\u00e9rales d\u2019utilisation - MSIG Europe","robots":{"index":"index","follow":"follow","max-snippet":"max-snippet:-1","max-image-preview":"max-image-preview:large","max-video-preview":"max-video-preview:-1"},"canonical":"https:\/\/msig-europe.be\/fr\/conditions-generales-dutilisation\/","og_locale":"fr_FR","og_type":"article","og_title":"Conditions g\u00e9n\u00e9rales d\u2019utilisation - MSIG Europe","og_description":"Introduction Bienvenue sur les sites web et plateformes de MSIG Europe SE (collectivement, les \u00ab&nbsp;sites MSIG Europe&nbsp;\u00bb). Les pr\u00e9sentes conditions g\u00e9n\u00e9rales r\u00e9gissent votre utilisation des sites MSIG Europe. Acceptation des conditions En acc\u00e9dant aux sites de MSIG Europe ou en les utilisant, vous acceptez les pr\u00e9sentes conditions g\u00e9n\u00e9rales, ainsi que toutes les lois et r\u00e9glementations [&hellip;]","og_url":"https:\/\/msig-europe.be\/fr\/conditions-generales-dutilisation\/","og_site_name":"MSIG Europe","article_modified_time":"2025-06-18T09:51:33+00:00","og_image":[{"width":1920,"height":1080,"url":"https:\/\/msig-europe.be\/fr\/wp-content\/uploads\/sites\/4\/2025\/06\/Standard-image.webp","type":"image\/webp"}],"twitter_card":"summary_large_image","twitter_misc":{"Dur\u00e9e de lecture est.":"7 minutes"},"schema":{"@context":"https:\/\/schema.org","@graph":[{"@type":"WebPage","@id":"https:\/\/msig-europe.be\/fr\/conditions-generales-dutilisation\/","url":"https:\/\/msig-europe.be\/fr\/conditions-generales-dutilisation\/","name":"Conditions g\u00e9n\u00e9rales d\u2019utilisation - MSIG Europe","isPartOf":{"@id":"https:\/\/msig-europe.be\/fr\/#website"},"datePublished":"2023-11-23T17:44:10+00:00","dateModified":"2025-06-18T09:51:33+00:00","breadcrumb":{"@id":"https:\/\/msig-europe.be\/fr\/conditions-generales-dutilisation\/#breadcrumb"},"inLanguage":"fr-BE","potentialAction":[{"@type":"ReadAction","target":["https:\/\/msig-europe.be\/fr\/conditions-generales-dutilisation\/"]}]},{"@type":"BreadcrumbList","@id":"https:\/\/msig-europe.be\/fr\/conditions-generales-dutilisation\/#breadcrumb","itemListElement":[{"@type":"ListItem","position":1,"name":"Accueil","item":"https:\/\/msig-europe.be\/fr\/"},{"@type":"ListItem","position":2,"name":"Conditions g\u00e9n\u00e9rales d\u2019utilisation"}]},{"@type":"WebSite","@id":"https:\/\/msig-europe.be\/fr\/#website","url":"https:\/\/msig-europe.be\/fr\/","name":"MSIG Europe","description":"Building trust together","publisher":{"@id":"https:\/\/msig-europe.be\/fr\/#organization"},"alternateName":"MSIG Europe","potentialAction":[{"@type":"SearchAction","target":{"@type":"EntryPoint","urlTemplate":"https:\/\/msig-europe.be\/fr\/?s={search_term_string}"},"query-input":{"@type":"PropertyValueSpecification","valueRequired":true,"valueName":"search_term_string"}}],"inLanguage":"fr-BE"},{"@type":"Organization","@id":"https:\/\/msig-europe.be\/fr\/#organization","name":"MSIG Europe","alternateName":"MSIG Europe","url":"https:\/\/msig-europe.be\/fr\/","logo":{"@type":"ImageObject","inLanguage":"fr-BE","@id":"https:\/\/msig-europe.be\/fr\/#\/schema\/logo\/image\/","url":"https:\/\/msig-europe.be\/fr\/wp-content\/uploads\/sites\/4\/2025\/06\/MSIG_Europe_standard_CMYK_png-scaled.png","contentUrl":"https:\/\/msig-europe.be\/fr\/wp-content\/uploads\/sites\/4\/2025\/06\/MSIG_Europe_standard_CMYK_png-scaled.png","width":2560,"height":1017,"caption":"MSIG Europe"},"image":{"@id":"https:\/\/msig-europe.be\/fr\/#\/schema\/logo\/image\/"}}]}},"distributor_meta":false,"distributor_terms":false,"distributor_media":false,"distributor_original_site_name":"MSIG Europe","distributor_original_site_url":"https:\/\/msig-europe.be\/fr","push-errors":false,"_links":{"self":[{"href":"https:\/\/msig-europe.be\/fr\/wp-json\/wp\/v2\/pages\/39","targetHints":{"allow":["GET"]}}],"collection":[{"href":"https:\/\/msig-europe.be\/fr\/wp-json\/wp\/v2\/pages"}],"about":[{"href":"https:\/\/msig-europe.be\/fr\/wp-json\/wp\/v2\/types\/page"}],"author":[{"embeddable":true,"href":"https:\/\/msig-europe.be\/fr\/wp-json\/wp\/v2\/users\/3"}],"replies":[{"embeddable":true,"href":"https:\/\/msig-europe.be\/fr\/wp-json\/wp\/v2\/comments?post=39"}],"version-history":[{"count":7,"href":"https:\/\/msig-europe.be\/fr\/wp-json\/wp\/v2\/pages\/39\/revisions"}],"predecessor-version":[{"id":1298,"href":"https:\/\/msig-europe.be\/fr\/wp-json\/wp\/v2\/pages\/39\/revisions\/1298"}],"wp:attachment":[{"href":"https:\/\/msig-europe.be\/fr\/wp-json\/wp\/v2\/media?parent=39"}],"curies":[{"name":"wp","href":"https:\/\/api.w.org\/{rel}","templated":true}]}}